{"id":138,"date":"2024-08-14T15:02:09","date_gmt":"2024-08-14T15:02:09","guid":{"rendered":"http:\/\/nacionalidadalemana.de\/?page_id=138"},"modified":"2024-11-10T15:49:51","modified_gmt":"2024-11-10T14:49:51","slug":"bienvenidoanacionalidadalemana","status":"publish","type":"page","link":"https:\/\/nacionalidadalemana.de\/es\/","title":{"rendered":"Bienvenido a Nacionalidad Alemana"},"content":{"rendered":"\n<h1 class=\"wp-block-heading has-text-align-center\"><strong>Bienvenido a Nacionalidad Alemana<\/strong><\/h1>\n\n\n\n<h3 class=\"wp-block-heading has-text-align-center\">Su socio para obtener la nacionalidad alemana<\/h3>\n\n\n\n<div class=\"wp-block-group alignfull has-global-padding is-content-justification-center is-layout-constrained wp-container-core-group-is-layout-df757ecc wp-block-group-is-layout-constrained\" style=\"margin-top:0;margin-bottom:0;padding-top:calc( 0.5 * var(--wp--style--root--padding-right, var(--wp--custom--gap--horizontal)));padding-right:var(--wp--style--root--padding-right, var(--wp--custom--gap--horizontal));padding-bottom:calc( 0.5 * var(--wp--style--root--padding-right, var(--wp--custom--gap--horizontal)));padding-left:var(--wp--style--root--padding-left, var(--wp--custom--gap--horizontal))\">\n<div style=\"height:calc( 0.25 * var(--wp--style--root--padding-right, var(--wp--custom--gap--horizontal)))\" aria-hidden=\"true\" class=\"wp-block-spacer\"><\/div>\n\n\n\n<figure class=\"wp-block-image aligncenter size-full is-resized has-custom-border\"><img loading=\"lazy\" decoding=\"async\" width=\"964\" height=\"964\" src=\"https:\/\/nacionalidadalemana.de\/es\/wp-content\/uploads\/sites\/2\/2024\/09\/erlangung-der-deutschen-staatsangehoerigkeit.png\" alt=\"\" class=\"wp-image-289\" style=\"border-radius:100em;aspect-ratio:1;object-fit:cover;width:175px;height:auto\" srcset=\"https:\/\/nacionalidadalemana.de\/es\/wp-content\/uploads\/sites\/2\/2024\/09\/erlangung-der-deutschen-staatsangehoerigkeit.png 964w, https:\/\/nacionalidadalemana.de\/es\/wp-content\/uploads\/sites\/2\/2024\/09\/erlangung-der-deutschen-staatsangehoerigkeit-300x300.png 300w, https:\/\/nacionalidadalemana.de\/es\/wp-content\/uploads\/sites\/2\/2024\/09\/erlangung-der-deutschen-staatsangehoerigkeit-150x150.png 150w, https:\/\/nacionalidadalemana.de\/es\/wp-content\/uploads\/sites\/2\/2024\/09\/erlangung-der-deutschen-staatsangehoerigkeit-768x768.png 768w\" sizes=\"auto, (max-width: 964px) 100vw, 964px\" \/><\/figure>\n\n\n\n<div style=\"height:8px\" aria-hidden=\"true\" class=\"wp-block-spacer\"><\/div>\n\n\n\n<div class=\"wp-block-group alignwide is-layout-flow wp-block-group-is-layout-flow\">\n<div class=\"wp-block-group alignwide has-global-padding is-layout-constrained wp-block-group-is-layout-constrained\">\n<h2 class=\"wp-block-heading has-text-align-center has-ast-global-color-2-color has-text-color\"><strong>Su abogada<\/strong><\/h2>\n\n\n\n<h2 class=\"wp-block-heading has-text-align-center has-x-large-font-size\"><strong>Sandra Yauseb Dib Varela<\/strong><\/h2>\n\n\n\n<div class=\"wp-block-group is-vertical is-layout-flex wp-container-core-group-is-layout-e1300cac wp-block-group-is-layout-flex\">\n<p class=\"has-text-align-center\">Puede ayudarlo a tramitar los deocumentos que se requieren, especialmente en Alemania y Am\u00e9rica Latina, a traducirlos con un perito traductor y a legalizarlos.<\/p>\n<\/div>\n<\/div>\n\n\n\n<p class=\"has-text-align-center\">Tambi\u00e9n le ayudamos a preparar las solicitudes para obtener la nacionalidad alemana y a presentar su solicitud ante la Oficina Federal de Administraci\u00f3n. Tambi\u00e9n le apoyamos en la comunicaci\u00f3n con las autoridades alemanas para obtener la nacionalidad alemana..<\/p>\n\n\n\n<div style=\"height:calc( 0.25 * var(--wp--style--root--padding-right, var(--wp--custom--gap--horizontal)))\" aria-hidden=\"true\" class=\"wp-block-spacer\"><\/div>\n\n\n\n<div class=\"wp-block-buttons is-horizontal is-content-justification-center is-layout-flex wp-container-core-buttons-is-layout-ecd33c62 wp-block-buttons-is-layout-flex\">\n<div class=\"wp-block-button\"><a class=\"wp-block-button__link wp-element-button\" href=\"https:\/\/nacionalidadalemana.de\/es\/contacto\/\">P\u00f3ngase en contacto con nosotros<\/a><\/div>\n<\/div>\n<\/div>\n\n\n\n<div style=\"height:calc( 0.25 * var(--wp--style--root--padding-right, var(--wp--custom--gap--horizontal)))\" aria-hidden=\"true\" class=\"wp-block-spacer\"><\/div>\n<\/div>\n\n\n\n<div class=\"wp-block-group alignfull has-base-2-background-color has-background is-layout-flow wp-block-group-is-layout-flow\" style=\"margin-top:0;margin-bottom:0;padding-top:var(--wp--preset--spacing--50);padding-right:var(--wp--preset--spacing--50);padding-bottom:var(--wp--preset--spacing--50);padding-left:var(--wp--preset--spacing--50)\">\n<figure class=\"wp-block-image alignwide\"><img decoding=\"async\" src=\"https:\/\/nacionalidadalemana.wordpress.com\/wp-content\/uploads\/2024\/05\/bram-c2g1cb83p18-unsplash-edited.jpg\" alt=\"\" class=\"wp-image-52\"\/><\/figure>\n\n\n\n<div style=\"margin-top:0;margin-bottom:0;height:var(--wp--preset--spacing--40)\" aria-hidden=\"true\" class=\"wp-block-spacer\"><\/div>\n\n\n\n<div class=\"wp-block-group is-vertical is-layout-flex wp-container-core-group-is-layout-fe9cc265 wp-block-group-is-layout-flex\">\n<h3 class=\"wp-block-heading alignwide has-text-align-left is-style-default has-large-font-size\" id=\"project-management\" style=\"font-style:normal;font-weight:600\">Nuestro servicios<\/h3>\n<\/div>\n\n\n\n<p class=\"has-text-align-left\">Obtenga m\u00e1s informaci\u00f3n sobre nuestros servicios, incluido el asesoramiento integral, la evaluaci\u00f3n de las posibilidades de \u00e9xito, la obtenci\u00f3n y traducci\u00f3n de documentos, as\u00ed como la preparaci\u00f3n y presentaci\u00f3n de su solicitud ante la Oficina Federal de la Administraci\u00f3n en Alemania.<\/p>\n\n\n\n<div style=\"height:var(--wp--preset--spacing--20)\" aria-hidden=\"true\" class=\"wp-block-spacer\"><\/div>\n\n\n\n<div class=\"wp-block-columns alignwide is-layout-flex wp-container-core-columns-is-layout-d0bbbce0 wp-block-columns-is-layout-flex\">\n<div class=\"wp-block-column is-layout-flow wp-container-core-column-is-layout-e3d1c41b wp-block-column-is-layout-flow\">\n<h3 class=\"wp-block-heading has-text-align-left is-style-asterisk has-body-font-family has-medium-font-size\" id=\"renovation-and-restoration\" style=\"font-style:normal;font-weight:600\">Ciudadan\u00eda alemana por descendencia o declaraci\u00f3n<\/h3>\n\n\n\n<p class=\"has-text-align-left\">\u00bfNaci\u00f3 usted despu\u00e9s del 23 de mayo de 1949 y tiene antepasados alemanes de los que no pudo adquirir autom\u00e1ticamente la nacionalidad alemana? Descubra aqu\u00ed c\u00f3mo puede adquirir la nacionalidad alemana mediante una declaraci\u00f3n conforme al art\u00edculo 5 de la Ley de Ciudadan\u00eda (StAG).<\/p>\n\n\n\n<p><a href=\"https:\/\/nacionalidadalemana.de\/es\/ciudadania-alemana-por-descendencia-o-declaracion\/\" data-type=\"page\" data-id=\"23\">M\u00e1s informaci\u00f3n<\/a><\/p>\n<\/div>\n\n\n\n<div class=\"wp-block-column is-layout-flow wp-container-core-column-is-layout-e3d1c41b wp-block-column-is-layout-flow\">\n<h3 class=\"wp-block-heading has-text-align-left is-style-asterisk has-body-font-family has-medium-font-size\" id=\"continuous-support\" style=\"font-style:normal;font-weight:600\"><strong>Re-naturalizaci\u00f3n<\/strong><\/h3>\n\n\n\n<p>\u00bfSus antepasados fueron privados de la nacionalidad alemana durante la \u00e9poca nacionalsocialista? Aqu\u00ed puede informarse de c\u00f3mo usted o sus descendientes tienen derecho a solicitar la renaturalizaci\u00f3n de conformidad con el art\u00edculo 116, apartado 2, de la Ley Fundamental (GG).<\/p>\n\n\n\n<p><a href=\"https:\/\/nacionalidadalemana.de\/es\/renaturalizacion-para-descendientes\/\" data-type=\"page\" data-id=\"27\">M\u00e1s informaci\u00f3n<\/a><\/p>\n<\/div>\n\n\n\n<div class=\"wp-block-column is-layout-flow wp-container-core-column-is-layout-e3d1c41b wp-block-column-is-layout-flow\">\n<h3 class=\"wp-block-heading has-text-align-left is-style-asterisk has-body-font-family has-medium-font-size\" id=\"app-access\" style=\"font-style:normal;font-weight:600\">Naturalizaci\u00f3n por antepasados que tuvieron que huir debido al nacionalsocialismo<a href=\"https:\/\/nacionalidadalemana.wordpress.com\/wp-admin\/site-editor.php?postType=page&amp;postId=27&amp;canvas=edit\"><p class=\"MsoNormal\" style=\"margin: 0cm; text-align: center; font-size: 11pt; font-family: Calibri, sans-serif; caret-color: rgb(0, 0, 0); color: rgb(0, 0, 0); font-weight: 400; white-space: normal; text-decoration: none;\"><b><span lang=\"EN-US\" style=\"font-family: Arial, sans-serif;\"><\/span><\/b><\/p><\/a><\/h3>\n\n\n\n<p>\u00bfVivieron sus antepasados en Alemania durante el nacionalsocialismo y tuvieron que huir? En virtud del art\u00edculo 15 de la Ley alemana de Ciudadan\u00eda (StAG), las personas que perdieron la nacionalidad alemana debido a la persecuci\u00f3n y sus descendientes pueden recuperar la nacionalidad alemana bajo determinadas condiciones. Inf\u00f3rmese aqu\u00ed.<\/p>\n\n\n\n<p><a href=\"https:\/\/nacionalidadalemana.de\/es\/renaturalizacion-para-descendientes\/\" data-type=\"page\" data-id=\"27\">M\u00e1s informaci\u00f3n<\/a><\/p>\n<\/div>\n\n\n\n<div class=\"wp-block-column is-layout-flow wp-block-column-is-layout-flow\">\n<h3 class=\"wp-block-heading has-text-align-left is-style-asterisk has-body-font-family has-medium-font-size\" id=\"consulting\" style=\"font-style:normal;font-weight:600\">Confirmaci\u00f3n de la nacionalidad alemana<\/h3>\n\n\n\n<p class=\"has-text-align-left\">\u00bfEs usted alem\u00e1n y necesita que se lo confirmen? Aqu\u00ed le explicamos el procedimiento para determinar la nacionalidad alemana por ascendencia conforme al art\u00edculo 4 de la Ley alemana de Ciudadan\u00eda (StAG) y c\u00f3mo podemos ayudarle.<\/p>\n\n\n\n<p><a href=\"https:\/\/nacionalidadalemana.de\/es\/confirmacion-de-la-nacionalidad-alemana\/\" data-type=\"page\" data-id=\"91\">M\u00e1s informaci\u00f3n<\/a><\/p>\n<\/div>\n<\/div>\n\n\n\n<div style=\"height:var(--wp--preset--spacing--20)\" aria-hidden=\"true\" class=\"wp-block-spacer\"><\/div>\n\n\n\n<div class=\"wp-block-buttons is-content-justification-center is-layout-flex wp-container-core-buttons-is-layout-a89b3969 wp-block-buttons-is-layout-flex\"><\/div>\n<\/div>\n\n\n\n<div class=\"wp-block-group alignfull has-global-padding is-layout-constrained wp-container-core-group-is-layout-d89aad35 wp-block-group-is-layout-constrained\" style=\"margin-top:0;margin-bottom:0;padding-top:var(--wp--preset--spacing--50);padding-right:var(--wp--preset--spacing--50);padding-bottom:var(--wp--preset--spacing--50);padding-left:var(--wp--preset--spacing--50)\">\n<div class=\"wp-block-group alignwide has-global-padding is-layout-constrained wp-container-core-group-is-layout-19e250f3 wp-block-group-is-layout-constrained\">\n<h2 class=\"wp-block-heading has-text-align-center is-style-asterisk\" id=\"an-array-of-resources\"><strong>Asesoramiento jur\u00eddico a trav\u00e9s de la cooperaci\u00f3n M\u00e9xico-Alemana<\/strong><\/h2>\n\n\n\n<p class=\"has-text-align-center\">Benef\u00edciese de la cooperaci\u00f3n sin fisuras con los principales abogados alemanes para su ciudadan\u00eda alemana<\/p>\n\n\n\n<div style=\"height:var(--wp--preset--spacing--40)\" aria-hidden=\"true\" class=\"wp-block-spacer\"><\/div>\n\n\n\n<div class=\"wp-block-columns alignwide is-layout-flex wp-container-core-columns-is-layout-d1c656ed wp-block-columns-is-layout-flex\">\n<div class=\"wp-block-column is-vertically-aligned-center is-layout-flow wp-block-column-is-layout-flow\" style=\"flex-basis:40%\">\n<h3 class=\"wp-block-heading is-style-asterisk\" id=\"etudes-architect-app\">Su abogada<\/h3>\n\n\n\n<h3 class=\"wp-block-heading\">Sandra Yauseb Dib Varela<\/h3>\n\n\n\n<ul style=\"line-height:1.75\" class=\"wp-block-list is-style-checkmark-list\">\n<li>Licenciado en Derecho por la UPAEP (1977 a 1982)<\/li>\n\n\n\n<li>Amplia experiencia en tr\u00e1mites migratorios<\/li>\n\n\n\n<li>Espa\u00f1ol nativo, ingl\u00e9s y alem\u00e1n fluidos<\/li>\n\n\n\n<li>Consultor\u00eda en toda Am\u00e9rica Latina (incluidos M\u00e9xico, Argentina, Chile, Per\u00fa, Ecuador y Colombia)<\/li>\n<\/ul>\n<\/div>\n\n\n\n<div class=\"wp-block-column is-layout-flow wp-block-column-is-layout-flow\" style=\"flex-basis:50%\">\n<figure class=\"wp-block-image size-large is-style-rounded is-style-rounded--1\"><img decoding=\"async\" src=\"https:\/\/nacionalidadalemana.wordpress.com\/wp-content\/uploads\/2024\/05\/erlangung-der-deutschen-staatsangehoerigkeit-1.jpg?w=796\" alt=\"\" class=\"wp-image-43\"\/><\/figure>\n<\/div>\n<\/div>\n\n\n\n<div style=\"height:var(--wp--preset--spacing--40)\" aria-hidden=\"true\" class=\"wp-block-spacer\"><\/div>\n\n\n\n<div class=\"wp-block-columns alignwide is-layout-flex wp-container-core-columns-is-layout-d1c656ed wp-block-columns-is-layout-flex\">\n<div class=\"wp-block-column is-layout-flow wp-block-column-is-layout-flow\" style=\"flex-basis:50%\">\n<h3 class=\"wp-block-heading is-style-asterisk\" id=\"etudes-newsletter\"><strong>Cooperaci\u00f3n intensiva con abogados en Alemania<\/strong><\/h3>\n\n\n\n<ul style=\"line-height:1.75\" class=\"wp-block-list is-style-checkmark-list\">\n<li>La abogada Yauseb Dib Varela trabaja estrechamente con los abogados alemanes Christoph Claas, LL.M. en M\u00fanich y Julius Kaspar Niesert en Berl\u00edn, para que los clientes est\u00e9n bien representados en Alemania y Sudam\u00e9rica\/Am\u00e9rica Latina.<\/li>\n\n\n\n<li>Los abogados aleman Claas y Niesert lo representar\u00e1n ante las autoridades alemanasm presentan su solicitud ante estas y le dar\u00e1n seguimiento a su tr\u00e1mite.<\/li>\n\n\n\n<li>Nuestros abogados alemanes tambi\u00e9n se encargan de la comunicaci\u00f3n con la Oficina Federal de Administraci\u00f3n para su ciudadan\u00eda alemana.<\/li>\n\n\n\n<li>Nuestros clientes se benefician del estrecho intercambio entre Alemania y Sudam\u00e9rica\/Am\u00e9rica Latina.<\/li>\n<\/ul>\n<\/div>\n\n\n\n<div class=\"wp-block-column is-vertically-aligned-center is-layout-flow wp-block-column-is-layout-flow\" style=\"flex-basis:40%\"><\/div>\n<\/div>\n<\/div>\n\n\n\n<div class=\"wp-block-group alignfull has-global-padding is-layout-constrained wp-block-group-is-layout-constrained\">\n<div class=\"wp-block-group alignfull has-global-padding is-content-justification-center is-layout-constrained wp-container-core-group-is-layout-df757ecc wp-block-group-is-layout-constrained\" style=\"margin-top:0;margin-bottom:0;padding-top:calc( 0.5 * var(--wp--style--root--padding-right, var(--wp--custom--gap--horizontal)));padding-right:var(--wp--style--root--padding-right, var(--wp--custom--gap--horizontal));padding-bottom:calc( 0.5 * var(--wp--style--root--padding-right, var(--wp--custom--gap--horizontal)));padding-left:var(--wp--style--root--padding-left, var(--wp--custom--gap--horizontal))\">\n<div style=\"height:var(--wp--preset--spacing--20)\" aria-hidden=\"true\" class=\"wp-block-spacer\"><\/div>\n\n\n\n<div class=\"wp-block-columns alignwide is-layout-flex wp-container-core-columns-is-layout-ea69a204 wp-block-columns-is-layout-flex\">\n<div class=\"wp-block-column is-layout-flow wp-container-core-column-is-layout-22223934 wp-block-column-is-layout-flow\" style=\"flex-basis:50%\">\n<h2 class=\"wp-block-heading\">Contacto<\/h2>\n<\/div>\n\n\n\n<div class=\"wp-block-column is-layout-flow wp-block-column-is-layout-flow\" style=\"flex-basis:50%\">\n<p>\u00bfTiene preguntas o necesita asistencia para adquirir o confirmar la nacionalidad alemana? Rellene el siguiente formulario y nuestro equipo se pondr\u00e1 en contacto con usted lo antes posible. Estaremos encantados de ayudarle.<\/p>\n\n\n\n<div style=\"height:var(--wp--preset--spacing--30)\" aria-hidden=\"true\" class=\"wp-block-spacer\"><\/div>\n\n\n<style id=\"wpforms-css-vars-187-block-0577d40c-0315-4bf7-b942-f6edebb21985\">\n\t\t\t\t#wpforms-187.wpforms-block-0577d40c-0315-4bf7-b942-f6edebb21985 {\n\t\t\t\t--wpforms-button-background-color: #111111;\n--wpforms-field-size-input-height: 43px;\n--wpforms-field-size-input-spacing: 15px;\n--wpforms-field-size-font-size: 16px;\n--wpforms-field-size-line-height: 19px;\n--wpforms-field-size-padding-h: 14px;\n--wpforms-field-size-checkbox-size: 16px;\n--wpforms-field-size-sublabel-spacing: 5px;\n--wpforms-field-size-icon-size: 1;\n--wpforms-label-size-font-size: 16px;\n--wpforms-label-size-line-height: 19px;\n--wpforms-label-size-sublabel-font-size: 14px;\n--wpforms-label-size-sublabel-line-height: 17px;\n--wpforms-button-size-font-size: 17px;\n--wpforms-button-size-height: 41px;\n--wpforms-button-size-padding-h: 15px;\n--wpforms-button-size-margin-top: 10px;\n\n\t\t\t}\n\t\t\t<\/style><div class=\"wpforms-container wpforms-container-full wpforms-block wpforms-block-0577d40c-0315-4bf7-b942-f6edebb21985 wpforms-render-modern\" id=\"wpforms-187\"><form id=\"wpforms-form-187\" class=\"wpforms-validate wpforms-form wpforms-ajax-form\" data-formid=\"187\" method=\"post\" enctype=\"multipart\/form-data\" action=\"\/es\/wp-json\/wp\/v2\/pages\/138\" data-token=\"7483b660d32f71ab5a0cd0062a43d489\" data-token-time=\"1776477378\"><noscript class=\"wpforms-error-noscript\">Bitte aktiviere JavaScript in deinem Browser, um dieses Formular fertigzustellen.<\/noscript><div class=\"wpforms-hidden\" id=\"wpforms-error-noscript\">Bitte aktiviere JavaScript in deinem Browser, um dieses Formular fertigzustellen.<\/div><div class=\"wpforms-field-container\"><div id=\"wpforms-187-field_1-container\" class=\"wpforms-field wpforms-field-name\" data-field-id=\"1\"><fieldset><legend class=\"wpforms-field-label\">Nombre <span class=\"wpforms-required-label\" aria-hidden=\"true\">*<\/span><\/legend><div class=\"wpforms-field-row wpforms-field-medium\"><div class=\"wpforms-field-row-block wpforms-first wpforms-one-half\"><input type=\"text\" id=\"wpforms-187-field_1\" class=\"wpforms-field-name-first wpforms-field-required\" name=\"wpforms[fields][1][first]\" aria-errormessage=\"wpforms-187-field_1-error\" required><label for=\"wpforms-187-field_1\" class=\"wpforms-field-sublabel after\">Nombre<\/label><\/div><div class=\"wpforms-field-row-block wpforms-one-half\"><input type=\"text\" id=\"wpforms-187-field_1-last\" class=\"wpforms-field-name-last wpforms-field-required\" name=\"wpforms[fields][1][last]\" aria-errormessage=\"wpforms-187-field_1-last-error\" required><label for=\"wpforms-187-field_1-last\" class=\"wpforms-field-sublabel after\">Apellido<\/label><\/div><\/div><\/fieldset><\/div><div id=\"wpforms-187-field_2-container\" class=\"wpforms-field wpforms-field-email\" data-field-id=\"2\"><label class=\"wpforms-field-label\" for=\"wpforms-187-field_2\">e-mail <span class=\"wpforms-required-label\" aria-hidden=\"true\">*<\/span><\/label><input type=\"email\" id=\"wpforms-187-field_2\" class=\"wpforms-field-medium wpforms-field-required\" name=\"wpforms[fields][2]\" spellcheck=\"false\" aria-errormessage=\"wpforms-187-field_2-error\" required><\/div><div id=\"wpforms-187-field_4-container\" class=\"wpforms-field wpforms-field-text\" data-field-id=\"4\"><label class=\"wpforms-field-label\" for=\"wpforms-187-field_4\">Nacionalidad <span class=\"wpforms-required-label\" aria-hidden=\"true\">*<\/span><\/label><input type=\"text\" id=\"wpforms-187-field_4\" class=\"wpforms-field-medium wpforms-field-required\" name=\"wpforms[fields][4]\" aria-errormessage=\"wpforms-187-field_4-error\" required><\/div><div id=\"wpforms-187-field_8-container\" class=\"wpforms-field wpforms-field-text\" data-field-id=\"8\"><label class=\"wpforms-field-label\" for=\"wpforms-187-field_8\">Su a\u00f1o de nacimiento<\/label><input type=\"text\" id=\"wpforms-187-field_8\" class=\"wpforms-field-medium\" name=\"wpforms[fields][8]\" aria-errormessage=\"wpforms-187-field_8-error\" ><\/div><div id=\"wpforms-187-field_5-container\" class=\"wpforms-field wpforms-field-text\" data-field-id=\"5\"><label class=\"wpforms-field-label\" for=\"wpforms-187-field_5\">A\u00f1o en que sus antepasados abandonaron Alemania<\/label><input type=\"text\" id=\"wpforms-187-field_5\" class=\"wpforms-field-small\" name=\"wpforms[fields][5]\" aria-errormessage=\"wpforms-187-field_5-error\" ><\/div><div id=\"wpforms-187-field_6-container\" class=\"wpforms-field wpforms-field-text\" data-field-id=\"6\"><label class=\"wpforms-field-label\" for=\"wpforms-187-field_6\">A\u00f1o en que sus antepasados alemanes adquirieron otra nacionalidad<\/label><input type=\"text\" id=\"wpforms-187-field_6\" class=\"wpforms-field-small\" name=\"wpforms[fields][6]\" aria-errormessage=\"wpforms-187-field_6-error\" ><\/div><div id=\"wpforms-187-field_7-container\" class=\"wpforms-field wpforms-field-text\" data-field-id=\"7\"><label class=\"wpforms-field-label\" for=\"wpforms-187-field_7\">Nacionalidad de sus padres en el momento del nacimiento<\/label><input type=\"text\" id=\"wpforms-187-field_7\" class=\"wpforms-field-small\" name=\"wpforms[fields][7]\" aria-errormessage=\"wpforms-187-field_7-error\" ><\/div><div id=\"wpforms-187-field_3-container\" class=\"wpforms-field wpforms-field-textarea\" data-field-id=\"3\"><label class=\"wpforms-field-label\" for=\"wpforms-187-field_3\">Mensaje<\/label><textarea id=\"wpforms-187-field_3\" class=\"wpforms-field-medium\" name=\"wpforms[fields][3]\" aria-errormessage=\"wpforms-187-field_3-error\" ><\/textarea><\/div><div id=\"wpforms-187-field_10-container\" class=\"wpforms-field wpforms-field-gdpr-checkbox\" data-field-id=\"10\"><label class=\"wpforms-field-label\">GDPR Consentimiento <span class=\"wpforms-required-label\" aria-hidden=\"true\">*<\/span><\/label><ul id=\"wpforms-187-field_10\" class=\"wpforms-field-required\"><li class=\"choice-1\"><input type=\"checkbox\" id=\"wpforms-187-field_10_1\" name=\"wpforms[fields][10][]\" value=\"Consentimiento para que este sitio web almacene la informaci\u00f3n que he proporcionado, para que se pueda responder a mi solicitud.\" aria-errormessage=\"wpforms-187-field_10_1-error\" required ><label class=\"wpforms-field-label-inline\" for=\"wpforms-187-field_10_1\">Consentimiento para que este sitio web almacene la informaci\u00f3n que he proporcionado, para que se pueda responder a mi solicitud.<\/label><\/li><\/ul><\/div><\/div><!-- .wpforms-field-container --><div class=\"wpforms-submit-container\" ><input type=\"hidden\" name=\"wpforms[id]\" value=\"187\"><input type=\"hidden\" name=\"page_title\" value=\"\"><input type=\"hidden\" name=\"page_url\" value=\"https:\/\/nacionalidadalemana.de\/es\/wp-json\/wp\/v2\/pages\/138\"><input type=\"hidden\" name=\"url_referer\" value=\"\"><button type=\"submit\" name=\"wpforms[submit]\" id=\"wpforms-submit-187\" class=\"wpforms-submit\" data-alt-text=\"Enviando...\" data-submit-text=\"Enviar\" aria-live=\"assertive\" value=\"wpforms-submit\">Enviar<\/button><img loading=\"lazy\" decoding=\"async\" src=\"https:\/\/nacionalidadalemana.de\/es\/wp-content\/plugins\/wpforms-lite\/assets\/images\/submit-spin.svg\" class=\"wpforms-submit-spinner\" style=\"display: none;\" width=\"26\" height=\"26\" alt=\"Wird geladen\"><\/div><\/form><\/div>  <!-- .wpforms-container --><\/div>\n<\/div>\n<\/div>\n<\/div>\n<\/div>\n\n\n\n<div class=\"wp-block-group alignfull has-global-padding is-layout-constrained wp-container-core-group-is-layout-d89aad35 wp-block-group-is-layout-constrained\" style=\"margin-top:0;margin-bottom:0;padding-top:var(--wp--preset--spacing--50);padding-right:var(--wp--preset--spacing--50);padding-bottom:var(--wp--preset--spacing--50);padding-left:var(--wp--preset--spacing--50)\"><\/div>\n","protected":false},"excerpt":{"rendered":"<p>Bienvenido a Nacionalidad Alemana Su socio para obtener la nacionalidad alemana Su abogada Sandra Yauseb Dib Varela Puede ayudarlo a tramitar los deocumentos que se requieren, especialmente en Alemania y Am\u00e9rica Latina, a traducirlos con un perito traductor y a legalizarlos. Tambi\u00e9n le ayudamos a preparar las solicitudes para obtener la nacionalidad alemana y a [&hellip;]<\/p>\n","protected":false},"author":3,"featured_media":106,"parent":0,"menu_order":0,"comment_status":"closed","ping_status":"closed","template":"","meta":{"footnotes":""},"class_list":["post-138","page","type-page","status-publish","has-post-thumbnail","hentry"],"_links":{"self":[{"href":"https:\/\/nacionalidadalemana.de\/es\/wp-json\/wp\/v2\/pages\/138","targetHints":{"allow":["GET"]}}],"collection":[{"href":"https:\/\/nacionalidadalemana.de\/es\/wp-json\/wp\/v2\/pages"}],"about":[{"href":"https:\/\/nacionalidadalemana.de\/es\/wp-json\/wp\/v2\/types\/page"}],"author":[{"embeddable":true,"href":"https:\/\/nacionalidadalemana.de\/es\/wp-json\/wp\/v2\/users\/3"}],"replies":[{"embeddable":true,"href":"https:\/\/nacionalidadalemana.de\/es\/wp-json\/wp\/v2\/comments?post=138"}],"version-history":[{"count":27,"href":"https:\/\/nacionalidadalemana.de\/es\/wp-json\/wp\/v2\/pages\/138\/revisions"}],"predecessor-version":[{"id":362,"href":"https:\/\/nacionalidadalemana.de\/es\/wp-json\/wp\/v2\/pages\/138\/revisions\/362"}],"wp:featuredmedia":[{"embeddable":true,"href":"https:\/\/nacionalidadalemana.de\/es\/wp-json\/"}],"wp:attachment":[{"href":"https:\/\/nacionalidadalemana.de\/es\/wp-json\/wp\/v2\/media?parent=138"}],"curies":[{"name":"wp","href":"https:\/\/api.w.org\/{rel}","templated":true}]}}