{"id":20,"date":"2024-08-19T12:40:58","date_gmt":"2024-08-19T10:40:58","guid":{"rendered":"http:\/\/nacionalidadalemana.de\/?page_id=3"},"modified":"2024-09-24T10:39:04","modified_gmt":"2024-09-24T08:39:04","slug":"privacidad","status":"publish","type":"page","link":"https:\/\/nacionalidadalemana.de\/es\/privacidad\/","title":{"rendered":"Pol\u00edtica de privacidad"},"content":{"rendered":"\n<h2 class=\"wp-block-heading\"><strong>Aviso general e informaci\u00f3n obligatoria<\/strong><\/h2>\n\n\n\n<p><strong>Designaci\u00f3n de la entidad responsable<\/strong><\/p>\n\n\n\n<p>La entidad responsable del procesamiento de datos en este sitio web es:<\/p>\n\n\n\n<p>Nacionalidad Alemana<br>Sandra Yauseb Dib Varela<br>CALZADA DEL ARCO 36 CASA 100<br>FRACCIONAMIENTO SANTA CRUZ<br>72170 GUADALUPE. PUEBLA, PUE. C.P.<\/p>\n\n\n\n<p>La entidad responsable decide, de forma individual o junto con otros, los fines y los medios del procesamiento de datos personales (p. ej., nombres, datos de contacto, etc.).<\/p>\n\n\n\n<p><strong>Revocaci\u00f3n de su consentimiento para el procesamiento de datos<\/strong><\/p>\n\n\n\n<p>Algunos procesos de tratamiento de datos solo son posibles con su consentimiento expreso. Puede revocar su consentimiento en cualquier momento. Para revocar su consentimiento, es suficiente con enviar una notificaci\u00f3n informal por correo electr\u00f3nico. La legalidad del procesamiento de datos realizado hasta el momento de la revocaci\u00f3n no se ve afectada por esta.<\/p>\n\n\n\n<p><strong>Derecho a presentar una reclamaci\u00f3n ante la autoridad de supervisi\u00f3n competente<\/strong><\/p>\n\n\n\n<p>En caso de violaci\u00f3n de la legislaci\u00f3n de protecci\u00f3n de datos, tiene derecho a presentar una reclamaci\u00f3n ante la autoridad de supervisi\u00f3n competente. La autoridad supervisora competente en cuestiones de protecci\u00f3n de datos es el Comisionado de Protecci\u00f3n de Datos del estado federado donde se encuentra la sede de nuestra empresa. El siguiente enlace proporciona una lista de los Comisionados de Protecci\u00f3n de Datos y sus datos de contacto:<br><a href=\"https:\/\/www.bfdi.bund.de\/DE\/Infothek\/Anschriften_Links\/anschriften_links-node.html\">https:\/\/www.bfdi.bund.de\/DE\/Infothek\/Anschriften_Links\/anschriften_links-node.html<\/a>.<\/p>\n\n\n\n<p><strong>Derecho a la portabilidad de los datos<\/strong><\/p>\n\n\n\n<p>Tiene derecho a recibir los datos que procesamos autom\u00e1ticamente sobre la base de su consentimiento o en cumplimiento de un contrato, en un formato legible por m\u00e1quina, o a que estos datos se transfieran a un tercero. Si solicita la transferencia directa de los datos a otra entidad responsable, esto solo se realizar\u00e1 en la medida en que sea t\u00e9cnicamente posible.<\/p>\n\n\n\n<p><strong>Derecho de acceso, rectificaci\u00f3n, bloqueo, eliminaci\u00f3n<\/strong><\/p>\n\n\n\n<p>En el marco de las disposiciones legales aplicables, tiene derecho en cualquier momento a recibir informaci\u00f3n gratuita sobre sus datos personales almacenados, su origen, destinatarios y el prop\u00f3sito del tratamiento de los datos, as\u00ed como el derecho de rectificaci\u00f3n, bloqueo o eliminaci\u00f3n de estos datos. Para cualquier consulta adicional sobre datos personales, puede ponerse en contacto con nosotros en cualquier momento utilizando la informaci\u00f3n de contacto proporcionada en el aviso legal.<\/p>\n\n\n\n<p><strong>Cifrado SSL o TLS<\/strong><\/p>\n\n\n\n<p>Por motivos de seguridad y para proteger la transmisi\u00f3n de contenido confidencial que nos env\u00eda como operador del sitio, nuestro sitio web utiliza cifrado SSL o TLS. Los datos que usted nos transmite a trav\u00e9s de este sitio web no pueden ser le\u00eddos por terceros. Puede reconocer una conexi\u00f3n cifrada por la l\u00ednea de direcci\u00f3n &#8222;https:\/\/&#8220; en su navegador y el s\u00edmbolo del candado en la barra del navegador.<\/p>\n\n\n\n<p><strong>Archivos de registro del servidor<\/strong><\/p>\n\n\n\n<p>El proveedor del sitio web recopila y almacena autom\u00e1ticamente informaci\u00f3n en los archivos de registro del servidor, que su navegador nos transmite autom\u00e1ticamente. Estos son:<\/p>\n\n\n\n<ul class=\"wp-block-list\">\n<li>P\u00e1gina visitada en nuestro dominio<\/li>\n\n\n\n<li>Fecha y hora de la solicitud del servidor<\/li>\n\n\n\n<li>Tipo y versi\u00f3n del navegador<\/li>\n\n\n\n<li>Sistema operativo utilizado<\/li>\n\n\n\n<li>URL de referencia<\/li>\n\n\n\n<li>Nombre del host del ordenador de acceso<\/li>\n\n\n\n<li>Direcci\u00f3n IP<\/li>\n<\/ul>\n\n\n\n<p>Estos datos son necesarios por razones t\u00e9cnicas para mostrarle nuestro sitio web y para garantizar su estabilidad y seguridad. (La base legal para el tratamiento de datos es el Art. 6 p\u00e1rr. 1 lit. f del RGPD). Estos datos no se combinan con otras fuentes de datos.<\/p>\n\n\n\n<p><strong>Formulario de contacto<\/strong><\/p>\n\n\n\n<p>Los datos transmitidos a trav\u00e9s del formulario de contacto, incluidos sus datos de contacto, se almacenar\u00e1n para poder procesar su solicitud o estar disponibles para consultas adicionales. No se compartir\u00e1n estos datos sin su consentimiento.<\/p>\n\n\n\n<p>Dependiendo de la naturaleza de la solicitud, la base legal para este procesamiento es el Art. 6 p\u00e1rr. 1 lit. b del RGPD para consultas relacionadas con medidas precontractuales que usted mismo solicite, o el Art. 6 p\u00e1rr. 1 lit. f del RGPD si su solicitud es de otro tipo. Si se solicitan datos personales que no sean necesarios para el cumplimiento de un contrato o la protecci\u00f3n de intereses leg\u00edtimos, la transmisi\u00f3n se realizar\u00e1 sobre la base de su consentimiento en virtud del Art. 6 p\u00e1rr. 1 lit. a del RGPD.<\/p>\n\n\n\n<p>Los datos enviados a trav\u00e9s del formulario de contacto permanecer\u00e1n con nosotros hasta que usted solicite su eliminaci\u00f3n, revoque su consentimiento para su almacenamiento o ya no sea necesario almacenar los datos. Las disposiciones legales obligatorias, en particular los plazos de conservaci\u00f3n, no se ven afectadas.<\/p>\n\n\n\n<p><strong>Cookies<\/strong><\/p>\n\n\n\n<p>Nuestro sitio web utiliza cookies. Las cookies son peque\u00f1os archivos de texto que su navegador web almacena en su dispositivo. Las cookies nos ayudan a hacer que nuestro sitio web sea m\u00e1s f\u00e1cil de usar, eficiente y seguro.<\/p>\n\n\n\n<p>Algunas cookies son &#8222;cookies de sesi\u00f3n&#8220;. Estas cookies se eliminan autom\u00e1ticamente al final de su sesi\u00f3n del navegador. Otras cookies permanecen en su dispositivo hasta que usted las elimine. Estas cookies nos ayudan a reconocerle cuando regresa a nuestro sitio web.<\/p>\n\n\n\n<p>Con un navegador web moderno, puede controlar, restringir o evitar la colocaci\u00f3n de cookies. Muchos navegadores web se pueden configurar para que las cookies se eliminen autom\u00e1ticamente cuando se cierra el programa. La desactivaci\u00f3n de las cookies puede limitar la funcionalidad de nuestro sitio web.<\/p>\n\n\n\n<p>La colocaci\u00f3n de cookies necesarias para realizar comunicaciones electr\u00f3nicas o proporcionar ciertas funciones que usted ha solicitado (p. ej., el carrito de la compra) se lleva a cabo sobre la base del Art. 6 p\u00e1rr. 1 lit. f del RGPD. Como operador de este sitio web, tenemos un inter\u00e9s leg\u00edtimo en el almacenamiento de cookies para garantizar una prestaci\u00f3n t\u00e9cnica libre de errores y sin interrupciones de nuestros servicios. Si se colocan otras cookies (p. ej., para funciones de an\u00e1lisis), estas se tratar\u00e1n por separado en esta declaraci\u00f3n de privacidad.<\/p>\n\n\n\n<p><strong>Google Analytics<\/strong><\/p>\n\n\n\n<p><strong>Naturaleza y alcance del procesamiento<\/strong><br>Utilizamos Google Analytics de Google Ireland Limited, Gordon House, Barrow Street, Dubl\u00edn 4, Irlanda, como servicio de an\u00e1lisis para la evaluaci\u00f3n estad\u00edstica de nuestra oferta en l\u00ednea. Esto incluye, por ejemplo, el n\u00famero de visitas a nuestro sitio web, las subp\u00e1ginas visitadas y la duraci\u00f3n de la estancia de los visitantes. Google Analytics utiliza cookies y otras tecnolog\u00edas de navegador para analizar el comportamiento de los usuarios y reconocer a los usuarios. Esta informaci\u00f3n se utiliza, entre otras cosas, para compilar informes sobre la actividad del sitio web.<\/p>\n\n\n\n<p><strong>Finalidad y base legal<\/strong><br>El uso de Google Analytics se basa en su consentimiento de acuerdo con el Art. 6 p\u00e1rr. 1 lit. a del RGPD y el \u00a725 p\u00e1rr. 1 de la Ley TDDG. Pretendemos transferir datos personales a pa\u00edses fuera del Espacio Econ\u00f3mico Europeo, en particular a EE.UU. La transferencia de datos a EE.UU. se lleva a cabo de acuerdo con el Art. 45 p\u00e1rr. 1 del RGPD, sobre la base de la decisi\u00f3n de adecuaci\u00f3n de la Comisi\u00f3n Europea. Las empresas estadounidenses involucradas est\u00e1n certificadas conforme al Marco de Privacidad de Datos entre la UE y EE.UU. (EU-U.S. DPF).<\/p>\n\n\n\n<p><strong>Duraci\u00f3n del almacenamiento<\/strong><br>La duraci\u00f3n espec\u00edfica del almacenamiento de los datos procesados no est\u00e1 bajo nuestro control, sino que la determina Google Ireland Limited. Para obtener m\u00e1s informaci\u00f3n, consulte la pol\u00edtica de privacidad de Google Analytics:\u00a0<a href=\"https:\/\/policies.google.com\/privacy\">https:\/\/policies.google.com\/privacy<\/a>.<\/p>\n\n\n\n<p>Fuente: Configurador de privacidad de <a href=\"https:\/\/hub24.de\">Herold Unternehmensberatung<\/a><\/p>\n","protected":false},"excerpt":{"rendered":"<p>Aviso general e informaci\u00f3n obligatoria Designaci\u00f3n de la entidad responsable La entidad responsable del procesamiento de datos en este sitio web es: Nacionalidad AlemanaSandra Yauseb Dib VarelaCALZADA DEL ARCO 36 CASA 100FRACCIONAMIENTO SANTA CRUZ72170 GUADALUPE. PUEBLA, PUE. C.P. La entidad responsable decide, de forma individual o junto con otros, los fines y los medios del [&hellip;]<\/p>\n","protected":false},"author":3,"featured_media":0,"parent":0,"menu_order":0,"comment_status":"closed","ping_status":"closed","template":"","meta":{"footnotes":""},"class_list":["post-20","page","type-page","status-publish","hentry"],"_links":{"self":[{"href":"https:\/\/nacionalidadalemana.de\/es\/wp-json\/wp\/v2\/pages\/20","targetHints":{"allow":["GET"]}}],"collection":[{"href":"https:\/\/nacionalidadalemana.de\/es\/wp-json\/wp\/v2\/pages"}],"about":[{"href":"https:\/\/nacionalidadalemana.de\/es\/wp-json\/wp\/v2\/types\/page"}],"author":[{"embeddable":true,"href":"https:\/\/nacionalidadalemana.de\/es\/wp-json\/wp\/v2\/users\/3"}],"replies":[{"embeddable":true,"href":"https:\/\/nacionalidadalemana.de\/es\/wp-json\/wp\/v2\/comments?post=20"}],"version-history":[{"count":3,"href":"https:\/\/nacionalidadalemana.de\/es\/wp-json\/wp\/v2\/pages\/20\/revisions"}],"predecessor-version":[{"id":317,"href":"https:\/\/nacionalidadalemana.de\/es\/wp-json\/wp\/v2\/pages\/20\/revisions\/317"}],"wp:attachment":[{"href":"https:\/\/nacionalidadalemana.de\/es\/wp-json\/wp\/v2\/media?parent=20"}],"curies":[{"name":"wp","href":"https:\/\/api.w.org\/{rel}","templated":true}]}}