{"id":21,"date":"2024-05-04T10:44:47","date_gmt":"2024-05-04T10:44:47","guid":{"rendered":"http:\/\/nacionalidadalemana.wordpress.com\/?page_id=1"},"modified":"2024-10-23T21:11:05","modified_gmt":"2024-10-23T19:11:05","slug":"sobrenosotros","status":"publish","type":"page","link":"https:\/\/nacionalidadalemana.de\/es\/sobrenosotros\/","title":{"rendered":"Sobre nosotros"},"content":{"rendered":"\n<p class=\"has-text-align-center\"><strong>\u00bfDesea adquirir o solicitar la nacionalidad alemana?<\/strong><\/p>\n\n\n\n<p>En Nacionalidad Alemana estamos especializados en ayudarle en este proceso. Nuestros expertos le acompa\u00f1ar\u00e1n desde la evaluaci\u00f3n inicial de sus posibilidades de \u00e9xito hasta la presentaci\u00f3n final de su solicitud en la Oficina Federal de la Administraci\u00f3n en Alemania. Tambi\u00e9n podemos asesorarle en cuestiones de seguimiento, como la solicitud de un documento de identidad o pasaporte.<\/p>\n\n\n\n<p>Representamos a clientes en toda Am\u00e9rica Latina y Am\u00e9rica del Sur en todos los asuntos relacionados con la ley de ciudadan\u00eda alemana.<\/p>\n\n\n\n<p>\u00bfVive usted en M\u00e9xico, Guatemala, Belice, El Salvador, Honduras, Nicaragua, Costa Rica, Panam\u00e1, Venezuela, Brasil, Colombia, Ecuador, Paraguay, Argentina, Per\u00fa o Uruguay, etc.? Entonces somos el socio adecuado para usted!<\/p>\n","protected":false},"excerpt":{"rendered":"<p>\u00bfDesea adquirir o solicitar la nacionalidad alemana? En Nacionalidad Alemana estamos especializados en ayudarle en este proceso. Nuestros expertos le acompa\u00f1ar\u00e1n desde la evaluaci\u00f3n inicial de sus posibilidades de \u00e9xito hasta la presentaci\u00f3n final de su solicitud en la Oficina Federal de la Administraci\u00f3n en Alemania. Tambi\u00e9n podemos asesorarle en cuestiones de seguimiento, como la [&hellip;]<\/p>\n","protected":false},"author":3,"featured_media":15,"parent":0,"menu_order":0,"comment_status":"closed","ping_status":"closed","template":"","meta":{"footnotes":""},"class_list":["post-21","page","type-page","status-publish","has-post-thumbnail","hentry"],"_links":{"self":[{"href":"https:\/\/nacionalidadalemana.de\/es\/wp-json\/wp\/v2\/pages\/21","targetHints":{"allow":["GET"]}}],"collection":[{"href":"https:\/\/nacionalidadalemana.de\/es\/wp-json\/wp\/v2\/pages"}],"about":[{"href":"https:\/\/nacionalidadalemana.de\/es\/wp-json\/wp\/v2\/types\/page"}],"author":[{"embeddable":true,"href":"https:\/\/nacionalidadalemana.de\/es\/wp-json\/wp\/v2\/users\/3"}],"replies":[{"embeddable":true,"href":"https:\/\/nacionalidadalemana.de\/es\/wp-json\/wp\/v2\/comments?post=21"}],"version-history":[{"count":4,"href":"https:\/\/nacionalidadalemana.de\/es\/wp-json\/wp\/v2\/pages\/21\/revisions"}],"predecessor-version":[{"id":358,"href":"https:\/\/nacionalidadalemana.de\/es\/wp-json\/wp\/v2\/pages\/21\/revisions\/358"}],"wp:featuredmedia":[{"embeddable":true,"href":"https:\/\/nacionalidadalemana.de\/es\/wp-json\/"}],"wp:attachment":[{"href":"https:\/\/nacionalidadalemana.de\/es\/wp-json\/wp\/v2\/media?parent=21"}],"curies":[{"name":"wp","href":"https:\/\/api.w.org\/{rel}","templated":true}]}}