{"id":215,"date":"2024-08-21T21:45:41","date_gmt":"2024-08-21T19:45:41","guid":{"rendered":"https:\/\/nacionalidadalemana.de\/es\/?page_id=215"},"modified":"2024-09-25T10:42:50","modified_gmt":"2024-09-25T08:42:50","slug":"avisolegal","status":"publish","type":"page","link":"https:\/\/nacionalidadalemana.de\/es\/avisolegal\/","title":{"rendered":"Aviso legal"},"content":{"rendered":"\n<h1 class=\"wp-block-heading\">Aviso legal<\/h1>\n\n\n\n<p><strong>Informaci\u00f3n seg\u00fan \u00a7 5 TMG:<\/strong><\/p>\n\n\n\n<p><strong>Abogada\/Rechtsanw\u00e4ltin<\/strong><br><strong>SANDRA YAUSEB DIB VARELA<\/strong><\/p>\n\n\n\n<p><strong>Direcci\u00f3n postal:<\/strong><br><strong>CALZADA DEL ARCO 36 CASA 100<\/strong><br><strong>FRACCIONAMIENTO SANTA CRUZ<\/strong><br><strong>GUADALUPE. PUEBLA, PUE. C.P. 72170<\/strong><\/p>\n\n\n\n<p><strong>Tel\u00e9fono:<\/strong>\u00a0+52 2222580934<br><strong>Correo electr\u00f3nico:<\/strong> info@nacionalidadalemana.de<\/p>\n\n\n\n<p><strong>Avisos sobre el sitio web<\/strong><br><strong>Informaci\u00f3n seg\u00fan \u00a7 36 VSBG<\/strong><br>De acuerdo con el \u00a7 36 VSBG (Ley de Resoluci\u00f3n de Disputas con los Consumidores \u2013 Ley sobre la resoluci\u00f3n alternativa de disputas en asuntos de consumo), el operador de este sitio web declara:<\/p>\n\n\n\n<p>No estamos dispuestos ni obligados a participar en procedimientos de resoluci\u00f3n de disputas ante una junta de arbitraje de consumo.<\/p>\n","protected":false},"excerpt":{"rendered":"<p>Aviso legal Informaci\u00f3n seg\u00fan \u00a7 5 TMG: Abogada\/Rechtsanw\u00e4ltinSANDRA YAUSEB DIB VARELA Direcci\u00f3n postal:CALZADA DEL ARCO 36 CASA 100FRACCIONAMIENTO SANTA CRUZGUADALUPE. PUEBLA, PUE. C.P. 72170 Tel\u00e9fono:\u00a0+52 2222580934Correo electr\u00f3nico: info@nacionalidadalemana.de Avisos sobre el sitio webInformaci\u00f3n seg\u00fan \u00a7 36 VSBGDe acuerdo con el \u00a7 36 VSBG (Ley de Resoluci\u00f3n de Disputas con los Consumidores \u2013 Ley sobre la [&hellip;]<\/p>\n","protected":false},"author":1,"featured_media":0,"parent":0,"menu_order":0,"comment_status":"closed","ping_status":"closed","template":"","meta":{"footnotes":""},"class_list":["post-215","page","type-page","status-publish","hentry"],"_links":{"self":[{"href":"https:\/\/nacionalidadalemana.de\/es\/wp-json\/wp\/v2\/pages\/215","targetHints":{"allow":["GET"]}}],"collection":[{"href":"https:\/\/nacionalidadalemana.de\/es\/wp-json\/wp\/v2\/pages"}],"about":[{"href":"https:\/\/nacionalidadalemana.de\/es\/wp-json\/wp\/v2\/types\/page"}],"author":[{"embeddable":true,"href":"https:\/\/nacionalidadalemana.de\/es\/wp-json\/wp\/v2\/users\/1"}],"replies":[{"embeddable":true,"href":"https:\/\/nacionalidadalemana.de\/es\/wp-json\/wp\/v2\/comments?post=215"}],"version-history":[{"count":5,"href":"https:\/\/nacionalidadalemana.de\/es\/wp-json\/wp\/v2\/pages\/215\/revisions"}],"predecessor-version":[{"id":319,"href":"https:\/\/nacionalidadalemana.de\/es\/wp-json\/wp\/v2\/pages\/215\/revisions\/319"}],"wp:attachment":[{"href":"https:\/\/nacionalidadalemana.de\/es\/wp-json\/wp\/v2\/media?parent=215"}],"curies":[{"name":"wp","href":"https:\/\/api.w.org\/{rel}","templated":true}]}}