{"id":23,"date":"2024-08-19T12:40:58","date_gmt":"2024-08-19T10:40:58","guid":{"rendered":"https:\/\/nacionalidadalemana.wordpress.com\/?page_id=23"},"modified":"2024-10-13T14:25:05","modified_gmt":"2024-10-13T12:25:05","slug":"ciudadania-alemana-por-descendencia-o-declaracion","status":"publish","type":"page","link":"https:\/\/nacionalidadalemana.de\/es\/ciudadania-alemana-por-descendencia-o-declaracion\/","title":{"rendered":"Ciudadan\u00eda alemana por descendencia o declaraci\u00f3n (\u00a75 StAG)"},"content":{"rendered":"\n<p><\/p>\n\n\n\n<h3 class=\"wp-block-heading\"><strong>\u00bfTiene antepasados alemanes y no pudo adquirir la nacionalidad alemana por descendencia?<\/strong><\/h3>\n\n\n\n<p>El <strong>\u00a7 5 de la Ley de Nacionalidad (StAG)<\/strong> ofrece a las personas nacidas despu\u00e9s del 23 de mayo de 1949 y que tienen antepasados alemanes la posibilidad de obtener la nacionalidad alemana <strong>mediante una declaraci\u00f3n<\/strong>, bajo ciertas circunstancias.<\/p>\n\n\n\n<p>Esta disposici\u00f3n se dirige especialmente a quienes no adquirieron autom\u00e1ticamente la nacionalidad por nacimiento o la perdieron posteriormente. Un ejemplo t\u00edpico es cuando <strong>s\u00f3lo la madre era alemana<\/strong> y, por tanto, el hijo no recibi\u00f3 autom\u00e1ticamente la <strong>nacionalidad alemana<\/strong>.<\/p>\n\n\n\n<p>La nueva versi\u00f3n de esta ley pretende <strong>superar las anteriores normativas discriminatorias por raz\u00f3n de sexo<\/strong> y apoyar a las personas que se han visto perjudicadas por esta discriminaci\u00f3n. Reconoce las injusticias causadas por la legislaci\u00f3n anterior y ofrece ahora una v\u00eda para corregirlas.<\/p>\n\n\n\n<p><\/p>\n\n\n\n<h3 class=\"wp-block-heading\"><strong>Nuestro apoyo<\/strong><\/h3>\n\n\n\n<ul class=\"wp-block-list\">\n<li><strong>Asesoramiento y consulta inicial: <\/strong>Asesoramiento personalizado sobre sus derechos y opciones.<\/li>\n\n\n\n<li><strong>Documentaci\u00f3n y verificaci\u00f3n<\/strong>: Apoyo en la obtenci\u00f3n y recopilaci\u00f3n de los documentos necesarios.<\/li>\n\n\n\n<li><strong>Solicitud y representaci\u00f3n<\/strong>: Apoyo especializado y representaci\u00f3n ante las autoridades alemanas.<\/li>\n<\/ul>\n\n\n\n<h3 class=\"wp-block-heading\"><strong>P\u00f3ngase en contacto con nosotros<\/strong><\/h3>\n\n\n\n<p>P\u00f3ngase en contacto con nosotros hoy mismo para una consulta y descubra c\u00f3mo podemos ayudarle a obtener la nacionalidad alemana.<\/p>\n\n\n<div class=\"wpforms-container wpforms-container-full wpforms-block wpforms-block-70791bcd-fb27-4c04-ab0d-184e9570aca5 wpforms-render-modern\" id=\"wpforms-187\"><form id=\"wpforms-form-187\" class=\"wpforms-validate wpforms-form wpforms-ajax-form\" data-formid=\"187\" method=\"post\" enctype=\"multipart\/form-data\" action=\"\/es\/wp-json\/wp\/v2\/pages\/23\" data-token=\"7483b660d32f71ab5a0cd0062a43d489\" data-token-time=\"1776482966\"><noscript class=\"wpforms-error-noscript\">Bitte aktiviere JavaScript in deinem Browser, um dieses Formular fertigzustellen.<\/noscript><div class=\"wpforms-hidden\" id=\"wpforms-error-noscript\">Bitte aktiviere JavaScript in deinem Browser, um dieses Formular fertigzustellen.<\/div><div class=\"wpforms-field-container\"><div id=\"wpforms-187-field_1-container\" class=\"wpforms-field wpforms-field-name\" data-field-id=\"1\"><fieldset><legend class=\"wpforms-field-label\">Nombre <span class=\"wpforms-required-label\" aria-hidden=\"true\">*<\/span><\/legend><div class=\"wpforms-field-row wpforms-field-medium\"><div class=\"wpforms-field-row-block wpforms-first wpforms-one-half\"><input type=\"text\" id=\"wpforms-187-field_1\" class=\"wpforms-field-name-first wpforms-field-required\" name=\"wpforms[fields][1][first]\" aria-errormessage=\"wpforms-187-field_1-error\" required><label for=\"wpforms-187-field_1\" class=\"wpforms-field-sublabel after\">Nombre<\/label><\/div><div class=\"wpforms-field-row-block wpforms-one-half\"><input type=\"text\" id=\"wpforms-187-field_1-last\" class=\"wpforms-field-name-last wpforms-field-required\" name=\"wpforms[fields][1][last]\" aria-errormessage=\"wpforms-187-field_1-last-error\" required><label for=\"wpforms-187-field_1-last\" class=\"wpforms-field-sublabel after\">Apellido<\/label><\/div><\/div><\/fieldset><\/div><div id=\"wpforms-187-field_2-container\" class=\"wpforms-field wpforms-field-email\" data-field-id=\"2\"><label class=\"wpforms-field-label\" for=\"wpforms-187-field_2\">e-mail <span class=\"wpforms-required-label\" aria-hidden=\"true\">*<\/span><\/label><input type=\"email\" id=\"wpforms-187-field_2\" class=\"wpforms-field-medium wpforms-field-required\" name=\"wpforms[fields][2]\" spellcheck=\"false\" aria-errormessage=\"wpforms-187-field_2-error\" required><\/div><div id=\"wpforms-187-field_4-container\" class=\"wpforms-field wpforms-field-text\" data-field-id=\"4\"><label class=\"wpforms-field-label\" for=\"wpforms-187-field_4\">Nacionalidad <span class=\"wpforms-required-label\" aria-hidden=\"true\">*<\/span><\/label><input type=\"text\" id=\"wpforms-187-field_4\" class=\"wpforms-field-medium wpforms-field-required\" name=\"wpforms[fields][4]\" aria-errormessage=\"wpforms-187-field_4-error\" required><\/div><div id=\"wpforms-187-field_8-container\" class=\"wpforms-field wpforms-field-text\" data-field-id=\"8\"><label class=\"wpforms-field-label\" for=\"wpforms-187-field_8\">Su a\u00f1o de nacimiento<\/label><input type=\"text\" id=\"wpforms-187-field_8\" class=\"wpforms-field-medium\" name=\"wpforms[fields][8]\" aria-errormessage=\"wpforms-187-field_8-error\" ><\/div><div id=\"wpforms-187-field_5-container\" class=\"wpforms-field wpforms-field-text\" data-field-id=\"5\"><label class=\"wpforms-field-label\" for=\"wpforms-187-field_5\">A\u00f1o en que sus antepasados abandonaron Alemania<\/label><input type=\"text\" id=\"wpforms-187-field_5\" class=\"wpforms-field-small\" name=\"wpforms[fields][5]\" aria-errormessage=\"wpforms-187-field_5-error\" ><\/div><div id=\"wpforms-187-field_6-container\" class=\"wpforms-field wpforms-field-text\" data-field-id=\"6\"><label class=\"wpforms-field-label\" for=\"wpforms-187-field_6\">A\u00f1o en que sus antepasados alemanes adquirieron otra nacionalidad<\/label><input type=\"text\" id=\"wpforms-187-field_6\" class=\"wpforms-field-small\" name=\"wpforms[fields][6]\" aria-errormessage=\"wpforms-187-field_6-error\" ><\/div><div id=\"wpforms-187-field_7-container\" class=\"wpforms-field wpforms-field-text\" data-field-id=\"7\"><label class=\"wpforms-field-label\" for=\"wpforms-187-field_7\">Nacionalidad de sus padres en el momento del nacimiento<\/label><input type=\"text\" id=\"wpforms-187-field_7\" class=\"wpforms-field-small\" name=\"wpforms[fields][7]\" aria-errormessage=\"wpforms-187-field_7-error\" ><\/div><div id=\"wpforms-187-field_3-container\" class=\"wpforms-field wpforms-field-textarea\" data-field-id=\"3\"><label class=\"wpforms-field-label\" for=\"wpforms-187-field_3\">Mensaje<\/label><textarea id=\"wpforms-187-field_3\" class=\"wpforms-field-medium\" name=\"wpforms[fields][3]\" aria-errormessage=\"wpforms-187-field_3-error\" ><\/textarea><\/div><div id=\"wpforms-187-field_10-container\" class=\"wpforms-field wpforms-field-gdpr-checkbox\" data-field-id=\"10\"><label class=\"wpforms-field-label\">GDPR Consentimiento <span class=\"wpforms-required-label\" aria-hidden=\"true\">*<\/span><\/label><ul id=\"wpforms-187-field_10\" class=\"wpforms-field-required\"><li class=\"choice-1\"><input type=\"checkbox\" id=\"wpforms-187-field_10_1\" name=\"wpforms[fields][10][]\" value=\"Consentimiento para que este sitio web almacene la informaci\u00f3n que he proporcionado, para que se pueda responder a mi solicitud.\" aria-errormessage=\"wpforms-187-field_10_1-error\" required ><label class=\"wpforms-field-label-inline\" for=\"wpforms-187-field_10_1\">Consentimiento para que este sitio web almacene la informaci\u00f3n que he proporcionado, para que se pueda responder a mi solicitud.<\/label><\/li><\/ul><\/div><\/div><!-- .wpforms-field-container --><div class=\"wpforms-submit-container\" ><input type=\"hidden\" name=\"wpforms[id]\" value=\"187\"><input type=\"hidden\" name=\"page_title\" value=\"\"><input type=\"hidden\" name=\"page_url\" value=\"https:\/\/nacionalidadalemana.de\/es\/wp-json\/wp\/v2\/pages\/23\"><input type=\"hidden\" name=\"url_referer\" value=\"\"><button type=\"submit\" name=\"wpforms[submit]\" id=\"wpforms-submit-187\" class=\"wpforms-submit\" data-alt-text=\"Enviando...\" data-submit-text=\"Enviar\" aria-live=\"assertive\" value=\"wpforms-submit\">Enviar<\/button><img loading=\"lazy\" decoding=\"async\" src=\"https:\/\/nacionalidadalemana.de\/es\/wp-content\/plugins\/wpforms-lite\/assets\/images\/submit-spin.svg\" class=\"wpforms-submit-spinner\" style=\"display: none;\" width=\"26\" height=\"26\" alt=\"Wird geladen\"><\/div><\/form><\/div>  <!-- .wpforms-container -->","protected":false},"excerpt":{"rendered":"<p>\u00bfTiene antepasados alemanes y no pudo adquirir la nacionalidad alemana por descendencia? El \u00a7 5 de la Ley de Nacionalidad (StAG) ofrece a las personas nacidas despu\u00e9s del 23 de mayo de 1949 y que tienen antepasados alemanes la posibilidad de obtener la nacionalidad alemana mediante una declaraci\u00f3n, bajo ciertas circunstancias. Esta disposici\u00f3n se dirige [&hellip;]<\/p>\n","protected":false},"author":3,"featured_media":123,"parent":0,"menu_order":0,"comment_status":"closed","ping_status":"closed","template":"","meta":{"footnotes":""},"class_list":["post-23","page","type-page","status-publish","has-post-thumbnail","hentry"],"_links":{"self":[{"href":"https:\/\/nacionalidadalemana.de\/es\/wp-json\/wp\/v2\/pages\/23","targetHints":{"allow":["GET"]}}],"collection":[{"href":"https:\/\/nacionalidadalemana.de\/es\/wp-json\/wp\/v2\/pages"}],"about":[{"href":"https:\/\/nacionalidadalemana.de\/es\/wp-json\/wp\/v2\/types\/page"}],"author":[{"embeddable":true,"href":"https:\/\/nacionalidadalemana.de\/es\/wp-json\/wp\/v2\/users\/3"}],"replies":[{"embeddable":true,"href":"https:\/\/nacionalidadalemana.de\/es\/wp-json\/wp\/v2\/comments?post=23"}],"version-history":[{"count":9,"href":"https:\/\/nacionalidadalemana.de\/es\/wp-json\/wp\/v2\/pages\/23\/revisions"}],"predecessor-version":[{"id":351,"href":"https:\/\/nacionalidadalemana.de\/es\/wp-json\/wp\/v2\/pages\/23\/revisions\/351"}],"wp:featuredmedia":[{"embeddable":true,"href":"https:\/\/nacionalidadalemana.de\/es\/wp-json\/"}],"wp:attachment":[{"href":"https:\/\/nacionalidadalemana.de\/es\/wp-json\/wp\/v2\/media?parent=23"}],"curies":[{"name":"wp","href":"https:\/\/api.w.org\/{rel}","templated":true}]}}