{"id":27,"date":"2024-08-19T12:40:58","date_gmt":"2024-08-19T10:40:58","guid":{"rendered":"https:\/\/nacionalidadalemana.wordpress.com\/?page_id=27"},"modified":"2024-09-24T10:24:02","modified_gmt":"2024-09-24T08:24:02","slug":"renaturalizacion-para-descendientes","status":"publish","type":"page","link":"https:\/\/nacionalidadalemana.de\/es\/renaturalizacion-para-descendientes\/","title":{"rendered":"Renaturalizaci\u00f3n para descendientes de v\u00edctimas del nacionalsocialismo (Art. 116 II)"},"content":{"rendered":"\n<h3 class=\"wp-block-heading\"><strong>\u00bfSe priv\u00f3 a sus antepasados de la nacionalidad alemana durante la \u00e9poca nacionalsocialista? \u00bfO tuvieron que huir de Alemania durante esa \u00e9poca?<\/strong><\/h3>\n\n\n\n<h4 class=\"wp-block-heading\"><strong>Sus derechos y opcionces<\/strong><\/h4>\n\n\n\n<p>Seg\u00fan el art\u00edculo 116, apartado 2, de la Ley Fundamental, las personas cuyos antepasados perdieron la nacionalidad alemana durante el r\u00e9gimen nacionalsocialista debido a persecuciones pol\u00edticas, raciales o religiosas tienen derecho a naturalizarse de nuevo. Esta disposici\u00f3n sirve para reparar la injusticia sufrida y reconocer la persecuci\u00f3n hist\u00f3rica.<\/p>\n\n\n\n<h4 class=\"wp-block-heading\"><strong>Art\u00edculo 116, apartado 2, de la Ley Fundamental&nbsp;<\/strong><\/h4>\n\n\n\n<p>Este art\u00edculo regula la renaturalizaci\u00f3n de los antiguos ciudadanos alemanes y sus descendientes que fueron privados de su ciudadan\u00eda alemana entre el 30 de enero de 1933 y el 8 de mayo de 1945 debido a persecuciones pol\u00edticas, raciales o religiosas.<\/p>\n\n\n\n<h4 class=\"wp-block-heading\"><strong>La solicitud de renaturalizaci\u00f3n&nbsp;<\/strong><\/h4>\n\n\n\n<p>La renaturalizaci\u00f3n se lleva a cabo mediante una solicitud formal, que debe cumplir determinados requisitos legales.&nbsp;Estos son los principales pasos de nuestro servicio:<\/p>\n\n\n\n<ul class=\"wp-block-list\">\n<li><strong>Asesoramiento individual:<\/strong> Le ofrecemos un asesoramiento detallado y personal para analizar su situaci\u00f3n individual y determinar los mejores pasos legales a seguir. Comprobaremos si cumple los requisitos del art\u00edculo 116 de la Constituci\u00f3n alemana y le proporcionaremos los documentos y pruebas necesarios.<\/li>\n\n\n\n<li><strong>Preparaci\u00f3n y revisi\u00f3n de documentos:<\/strong> Nuestro equipo le ayudar\u00e1 a obtener y preparar todos los documentos necesarios. Nos aseguramos de que sus documentos de solicitud est\u00e9n completos y sean correctos para evitar retrasos en el proceso.<\/li>\n\n\n\n<li><strong>Orientaci\u00f3n a lo largo del proceso de solicitud<span style=\"caret-color: rgb(0, 0, 0); color: rgb(0, 0, 0); font-family: -webkit-standard; font-size: medium; font-weight: 400; white-space: normal;\"><\/span>:<\/strong> Le guiamos a lo largo de todo el proceso de solicitud, desde la presentaci\u00f3n hasta la decisi\u00f3n. Nuestros abogados representan sus intereses ante las autoridades alemanas y est\u00e1n a su disposici\u00f3n para ayudarle con cualquier duda o problema.<\/li>\n\n\n\n<li><strong>Apoyo ling\u00fc\u00edstico y cultural:<\/strong> Como bufete internacional, tambi\u00e9n le ofrecemos apoyo en cuestiones ling\u00fc\u00edsticas y culturales. Nuestro equipo habla alem\u00e1n y espa\u00f1ol con fluidez y est\u00e1 familiarizado con las particularidades culturales de ambos pa\u00edses para evitar malentendidos y garantizar que el proceso se desarrolle sin problemas.<\/li>\n<\/ul>\n\n\n\n<h4 class=\"wp-block-heading\"><strong>\u00bfPor qu\u00e9 es importante la naturalizaci\u00f3n?<\/strong><\/h4>\n\n\n\n<p>La renaturalizaci\u00f3n es m\u00e1s que una mera formalidad legal. Es un gesto simb\u00f3lico de reparaci\u00f3n y reconocimiento de una injusticia hist\u00f3rica. Para muchos descendientes, es un paso hacia la reconciliaci\u00f3n y la reconstrucci\u00f3n de los lazos culturales y familiares con Alemania.<\/p>\n\n\n\n<h3 class=\"wp-block-heading\"><strong>Nuestro apoyo<\/strong><\/h3>\n\n\n\n<p>Nuestro bufete de abogados est\u00e1 especializado en la asistencia a personas y familias que solicitan la renaturalizaci\u00f3n en virtud del apartado 2 del art\u00edculo 116 de la Constituci\u00f3n alemana. Ofrecemos asesoramiento integral y apoyo durante todo el proceso de solicitud, incluyendo:<\/p>\n\n\n\n<ul class=\"wp-block-list\">\n<li><strong>Asesoramiento y consulta inicial: <\/strong>Asesoramiento personalizado sobre sus derechos y opciones.<\/li>\n\n\n\n<li><strong>Documentaci\u00f3n y verificaci\u00f3n<\/strong><span style=\"caret-color: rgb(0, 0, 0); color: rgb(0, 0, 0); font-family: -webkit-standard; font-size: medium; white-space: normal;\"><\/span>: Apoyo en la obtenci\u00f3n y recopilaci\u00f3n de los documentos necesarios.<\/li>\n\n\n\n<li><strong>Solicitud y representaci\u00f3n<\/strong><span style=\"caret-color: rgb(0, 0, 0); color: rgb(0, 0, 0); font-family: -webkit-standard; font-size: medium; white-space: normal;\"><\/span>: Apoyo especializado y representaci\u00f3n ante las autoridades alemanas.<\/li>\n\n\n\n<li><strong>Seguimiento<\/strong>: Apoyo despu\u00e9s de la re naturalizaci\u00f3n, por ejemplo, al solicitar un pasaporte alem\u00e1n.<\/li>\n<\/ul>\n\n\n\n<h3 class=\"wp-block-heading\"><strong>P\u00f3ngase en contacto con nosotros&nbsp;<\/strong><\/h3>\n\n\n\n<p>P\u00f3ngase en contacto con nosotros hoy mismo para una consulta y descubra c\u00f3mo podemos ayudarle a obtener la nacionalidad alemana.<\/p>\n\n\n<div class=\"wpforms-container wpforms-container-full wpforms-block wpforms-block-f82be473-9d36-4917-ae91-f6a2c76c4307 wpforms-render-modern\" id=\"wpforms-187\"><form id=\"wpforms-form-187\" class=\"wpforms-validate wpforms-form wpforms-ajax-form\" data-formid=\"187\" method=\"post\" enctype=\"multipart\/form-data\" action=\"\/es\/wp-json\/wp\/v2\/pages\/27\" data-token=\"7483b660d32f71ab5a0cd0062a43d489\" data-token-time=\"1776483030\"><noscript class=\"wpforms-error-noscript\">Bitte aktiviere JavaScript in deinem Browser, um dieses Formular fertigzustellen.<\/noscript><div class=\"wpforms-hidden\" id=\"wpforms-error-noscript\">Bitte aktiviere JavaScript in deinem Browser, um dieses Formular fertigzustellen.<\/div><div class=\"wpforms-field-container\"><div id=\"wpforms-187-field_1-container\" class=\"wpforms-field wpforms-field-name\" data-field-id=\"1\"><fieldset><legend class=\"wpforms-field-label\">Nombre <span class=\"wpforms-required-label\" aria-hidden=\"true\">*<\/span><\/legend><div class=\"wpforms-field-row wpforms-field-medium\"><div class=\"wpforms-field-row-block wpforms-first wpforms-one-half\"><input type=\"text\" id=\"wpforms-187-field_1\" class=\"wpforms-field-name-first wpforms-field-required\" name=\"wpforms[fields][1][first]\" aria-errormessage=\"wpforms-187-field_1-error\" required><label for=\"wpforms-187-field_1\" class=\"wpforms-field-sublabel after\">Nombre<\/label><\/div><div class=\"wpforms-field-row-block wpforms-one-half\"><input type=\"text\" id=\"wpforms-187-field_1-last\" class=\"wpforms-field-name-last wpforms-field-required\" name=\"wpforms[fields][1][last]\" aria-errormessage=\"wpforms-187-field_1-last-error\" required><label for=\"wpforms-187-field_1-last\" class=\"wpforms-field-sublabel after\">Apellido<\/label><\/div><\/div><\/fieldset><\/div><div id=\"wpforms-187-field_2-container\" class=\"wpforms-field wpforms-field-email\" data-field-id=\"2\"><label class=\"wpforms-field-label\" for=\"wpforms-187-field_2\">e-mail <span class=\"wpforms-required-label\" aria-hidden=\"true\">*<\/span><\/label><input type=\"email\" id=\"wpforms-187-field_2\" class=\"wpforms-field-medium wpforms-field-required\" name=\"wpforms[fields][2]\" spellcheck=\"false\" aria-errormessage=\"wpforms-187-field_2-error\" required><\/div><div id=\"wpforms-187-field_4-container\" class=\"wpforms-field wpforms-field-text\" data-field-id=\"4\"><label class=\"wpforms-field-label\" for=\"wpforms-187-field_4\">Nacionalidad <span class=\"wpforms-required-label\" aria-hidden=\"true\">*<\/span><\/label><input type=\"text\" id=\"wpforms-187-field_4\" class=\"wpforms-field-medium wpforms-field-required\" name=\"wpforms[fields][4]\" aria-errormessage=\"wpforms-187-field_4-error\" required><\/div><div id=\"wpforms-187-field_8-container\" class=\"wpforms-field wpforms-field-text\" data-field-id=\"8\"><label class=\"wpforms-field-label\" for=\"wpforms-187-field_8\">Su a\u00f1o de nacimiento<\/label><input type=\"text\" id=\"wpforms-187-field_8\" class=\"wpforms-field-medium\" name=\"wpforms[fields][8]\" aria-errormessage=\"wpforms-187-field_8-error\" ><\/div><div id=\"wpforms-187-field_5-container\" class=\"wpforms-field wpforms-field-text\" data-field-id=\"5\"><label class=\"wpforms-field-label\" for=\"wpforms-187-field_5\">A\u00f1o en que sus antepasados abandonaron Alemania<\/label><input type=\"text\" id=\"wpforms-187-field_5\" class=\"wpforms-field-small\" name=\"wpforms[fields][5]\" aria-errormessage=\"wpforms-187-field_5-error\" ><\/div><div id=\"wpforms-187-field_6-container\" class=\"wpforms-field wpforms-field-text\" data-field-id=\"6\"><label class=\"wpforms-field-label\" for=\"wpforms-187-field_6\">A\u00f1o en que sus antepasados alemanes adquirieron otra nacionalidad<\/label><input type=\"text\" id=\"wpforms-187-field_6\" class=\"wpforms-field-small\" name=\"wpforms[fields][6]\" aria-errormessage=\"wpforms-187-field_6-error\" ><\/div><div id=\"wpforms-187-field_7-container\" class=\"wpforms-field wpforms-field-text\" data-field-id=\"7\"><label class=\"wpforms-field-label\" for=\"wpforms-187-field_7\">Nacionalidad de sus padres en el momento del nacimiento<\/label><input type=\"text\" id=\"wpforms-187-field_7\" class=\"wpforms-field-small\" name=\"wpforms[fields][7]\" aria-errormessage=\"wpforms-187-field_7-error\" ><\/div><div id=\"wpforms-187-field_3-container\" class=\"wpforms-field wpforms-field-textarea\" data-field-id=\"3\"><label class=\"wpforms-field-label\" for=\"wpforms-187-field_3\">Mensaje<\/label><textarea id=\"wpforms-187-field_3\" class=\"wpforms-field-medium\" name=\"wpforms[fields][3]\" aria-errormessage=\"wpforms-187-field_3-error\" ><\/textarea><\/div><div id=\"wpforms-187-field_10-container\" class=\"wpforms-field wpforms-field-gdpr-checkbox\" data-field-id=\"10\"><label class=\"wpforms-field-label\">GDPR Consentimiento <span class=\"wpforms-required-label\" aria-hidden=\"true\">*<\/span><\/label><ul id=\"wpforms-187-field_10\" class=\"wpforms-field-required\"><li class=\"choice-1\"><input type=\"checkbox\" id=\"wpforms-187-field_10_1\" name=\"wpforms[fields][10][]\" value=\"Consentimiento para que este sitio web almacene la informaci\u00f3n que he proporcionado, para que se pueda responder a mi solicitud.\" aria-errormessage=\"wpforms-187-field_10_1-error\" required ><label class=\"wpforms-field-label-inline\" for=\"wpforms-187-field_10_1\">Consentimiento para que este sitio web almacene la informaci\u00f3n que he proporcionado, para que se pueda responder a mi solicitud.<\/label><\/li><\/ul><\/div><\/div><!-- .wpforms-field-container --><div class=\"wpforms-submit-container\" ><input type=\"hidden\" name=\"wpforms[id]\" value=\"187\"><input type=\"hidden\" name=\"page_title\" value=\"\"><input type=\"hidden\" name=\"page_url\" value=\"https:\/\/nacionalidadalemana.de\/es\/wp-json\/wp\/v2\/pages\/27\"><input type=\"hidden\" name=\"url_referer\" value=\"\"><button type=\"submit\" name=\"wpforms[submit]\" id=\"wpforms-submit-187\" class=\"wpforms-submit\" data-alt-text=\"Enviando...\" data-submit-text=\"Enviar\" aria-live=\"assertive\" value=\"wpforms-submit\">Enviar<\/button><img loading=\"lazy\" decoding=\"async\" src=\"https:\/\/nacionalidadalemana.de\/es\/wp-content\/plugins\/wpforms-lite\/assets\/images\/submit-spin.svg\" class=\"wpforms-submit-spinner\" style=\"display: none;\" width=\"26\" height=\"26\" alt=\"Wird geladen\"><\/div><\/form><\/div>  <!-- .wpforms-container -->","protected":false},"excerpt":{"rendered":"<p>\u00bfSe priv\u00f3 a sus antepasados de la nacionalidad alemana durante la \u00e9poca nacionalsocialista? \u00bfO tuvieron que huir de Alemania durante esa \u00e9poca? Sus derechos y opcionces Seg\u00fan el art\u00edculo 116, apartado 2, de la Ley Fundamental, las personas cuyos antepasados perdieron la nacionalidad alemana durante el r\u00e9gimen nacionalsocialista debido a persecuciones pol\u00edticas, raciales o religiosas [&hellip;]<\/p>\n","protected":false},"author":3,"featured_media":77,"parent":0,"menu_order":0,"comment_status":"closed","ping_status":"closed","template":"","meta":{"footnotes":""},"class_list":["post-27","page","type-page","status-publish","has-post-thumbnail","hentry"],"_links":{"self":[{"href":"https:\/\/nacionalidadalemana.de\/es\/wp-json\/wp\/v2\/pages\/27","targetHints":{"allow":["GET"]}}],"collection":[{"href":"https:\/\/nacionalidadalemana.de\/es\/wp-json\/wp\/v2\/pages"}],"about":[{"href":"https:\/\/nacionalidadalemana.de\/es\/wp-json\/wp\/v2\/types\/page"}],"author":[{"embeddable":true,"href":"https:\/\/nacionalidadalemana.de\/es\/wp-json\/wp\/v2\/users\/3"}],"replies":[{"embeddable":true,"href":"https:\/\/nacionalidadalemana.de\/es\/wp-json\/wp\/v2\/comments?post=27"}],"version-history":[{"count":7,"href":"https:\/\/nacionalidadalemana.de\/es\/wp-json\/wp\/v2\/pages\/27\/revisions"}],"predecessor-version":[{"id":312,"href":"https:\/\/nacionalidadalemana.de\/es\/wp-json\/wp\/v2\/pages\/27\/revisions\/312"}],"wp:featuredmedia":[{"embeddable":true,"href":"https:\/\/nacionalidadalemana.de\/es\/wp-json\/"}],"wp:attachment":[{"href":"https:\/\/nacionalidadalemana.de\/es\/wp-json\/wp\/v2\/media?parent=27"}],"curies":[{"name":"wp","href":"https:\/\/api.w.org\/{rel}","templated":true}]}}