{"id":63,"date":"2024-08-19T12:40:58","date_gmt":"2024-08-19T10:40:58","guid":{"rendered":"https:\/\/nacionalidadalemana.wordpress.com\/?page_id=63"},"modified":"2024-10-13T14:27:50","modified_gmt":"2024-10-13T12:27:50","slug":"renaturalizacion","status":"publish","type":"page","link":"https:\/\/nacionalidadalemana.de\/es\/renaturalizacion\/","title":{"rendered":"Re-naturalizaci\u00f3n (\u00a715 StAG)"},"content":{"rendered":"\n<h3 class=\"wp-block-heading\"><strong>\u00bfVivieron sus antepasados en Alemania y tuvieron que huir durante el nazismo?<\/strong><span data-state=\"closed\" class=\"\"><path fill=\"currentColor\" d=\"M11.372 7.27c-.46 1.251-1.138 2.36-2.065 3.287-.926.927-2.036 1.605-3.287 2.065 1.243.452 2.357 1.118 3.29 2.03a8.685 8.685 0 0 1 2.062 3.2 8.82 8.82 0 0 1 2.027-3.203 8.82 8.82 0 0 1 3.203-2.027 8.685 8.685 0 0 1-3.2-2.062c-.912-.933-1.578-2.047-2.03-3.29ZM11.376 3c.682 0 1.255.513 1.332 1.19.472 4.17 2.836 6.723 7.07 7.099a1.341 1.341 0 0 1-.004 2.672c-4.173.362-6.701 2.89-7.063 7.063a1.341 1.341 0 0 1-2.672.003c-.376-4.233-2.929-6.597-7.099-7.07a1.341 1.341 0 0 1-.002-2.665c4.23-.487 6.617-2.875 7.104-7.104A1.341 1.341 0 0 1 11.376 3ZM19.25 3.75a1 1 0 1 0 0 2 1 1 0 0 0 0-2Zm-3 1a3 3 0 1 1 6 0 3 3 0 0 1-6 0Z\"><\/path><span class=\"overflow-hidden text-clip whitespace-nowrap text-sm\"><\/span><\/span><\/h3>\n\n\n\n<h3 class=\"wp-block-heading\"><strong>Sus derechos y posibilidades<\/strong><\/h3>\n\n\n\n<p>El <strong>\u00a7 15 de la Ley de Nacionalidad (StAG)<\/strong> regula la naturalizaci\u00f3n de personas que tuvieron que abandonar Alemania entre el 30 de enero de 1933 y el 8 de mayo de 1945 debido a medidas de persecuci\u00f3n por motivos pol\u00edticos, raciales o religiosos, y que, como consecuencia, perdieron su ciudadan\u00eda, por ejemplo, debido a la naturalizaci\u00f3n en otro pa\u00eds o al contraer matrimonio. Tambi\u00e9n pueden acogerse al \u00a7 15 StAG aquellas personas que establecieron su residencia habitual en <strong>Alemania <\/strong>antes del 30 de enero de 1933 y que no pose\u00edan la <strong>nacionalidad alemana<\/strong>. Estas personas y sus descendientes pueden recuperar la nacionalidad alemana bajo ciertas condiciones.<\/p>\n\n\n\n<p>Cabe destacar que la naturalizaci\u00f3n se lleva a cabo aceptando la m\u00faltiple nacionalidad, por lo que se pueden mantener las nacionalidades previas, siempre que las leyes del respectivo pa\u00eds de origen lo permitan.<\/p>\n\n\n\n<h3 class=\"wp-block-heading\"><strong>Nuestra experiencia<\/strong><\/h3>\n\n\n\n<p>Nuestra firma cuenta con una amplia experiencia y un profundo conocimiento en el \u00e1mbito del derecho de nacionalidad. En particular, brindamos apoyo a personas cuyos antepasados tuvieron que abandonar Alemania durante el nazismo debido a la persecuci\u00f3n y, como consecuencia, perdieron o nunca obtuvieron la nacionalidad alemana. Nuestro equipo de abogados est\u00e1 especializado en hacer que el proceso de la readquisici\u00f3n de la ciudadan\u00eda sea eficiente y exitoso.<\/p>\n\n\n\n<h3 class=\"wp-block-heading\"><strong>Nuestra gama de servicios<\/strong><\/h3>\n\n\n\n<ul class=\"wp-block-list\">\n<li><strong>Asesoramiento individual:<\/strong> Le ofrecemos un asesoramiento detallado y personal para analizar su situaci\u00f3n individual y determinar los mejores pasos legales a seguir. Comprobaremos si cumple los requisitos del \u00a7 15 StAG o del art\u00edculo 116 de la Constituci\u00f3n alemana y le proporcionaremos los documentos y pruebas necesarios.<\/li>\n\n\n\n<li><strong>Obtenci\u00f3n y verificaci\u00f3n de documentos:<\/strong> Nuestro equipo le ayudar\u00e1 a obtener todos los documentos necesarios. Nos aseguramos de que sus documentos de solicitud est\u00e9n completos y sean correctos para evitar retrasos en el proceso.<\/li>\n\n\n\n<li><strong>Orientaci\u00f3n a lo largo del proceso de solicitud<span style=\"caret-color: rgb(0, 0, 0); color: rgb(0, 0, 0); font-family: -webkit-standard; font-size: medium; font-weight: 400; white-space: normal;\"><\/span>:<\/strong> Le guiamos a lo largo de todo el proceso de solicitud, desde la presentaci\u00f3n hasta la decisi\u00f3n. Nuestros abogados representan sus intereses ante las autoridades alemanas y est\u00e1n a su disposici\u00f3n para ayudarle con cualquier duda o problema.<\/li>\n\n\n\n<li><strong>Apoyo ling\u00fc\u00edstico y cultural:<\/strong> Como bufete internacional, tambi\u00e9n le ofrecemos apoyo en cuestiones ling\u00fc\u00edsticas y culturales. Nuestro equipo habla alem\u00e1n y espa\u00f1ol con fluidez y est\u00e1 familiarizado con las particularidades culturales de ambos pa\u00edses para evitar malentendidos y garantizar que el proceso se desarrolle sin problemas.<\/li>\n<\/ul>\n\n\n\n<h3 class=\"wp-block-heading\">Por qu\u00e9 su futuro en Alemania empieza con nosotros&#8230;<\/h3>\n\n\n\n<div class=\"wp-block-columns is-layout-flex wp-container-core-columns-is-layout-28f84493 wp-block-columns-is-layout-flex\">\n<div class=\"wp-block-column is-layout-flow wp-block-column-is-layout-flow\">\n<h4 class=\"wp-block-heading\">..<strong><strong>experiencia y cohocimientos:<\/strong><\/strong><\/h4>\n\n\n\n<p>Nuestro equipo ha finalizado con \u00e9xito numerosos procedimientos seg\u00fan el \u00a7 15 StAG. Conocemos los detalles legales y los desarrollos actuales en el derecho de nacionalidad.<\/p>\n<\/div>\n\n\n\n<div class=\"wp-block-column is-layout-flow wp-block-column-is-layout-flow\">\n<h4 class=\"wp-block-heading\">..<strong>Asistencia personalizada:<\/strong><\/h4>\n\n\n\n<p>El cliente est\u00e1 en el centro de nuestra atenci\u00f3n. Le ofrecemos soluciones a medida y apoyo personal durante todo el proceso.<\/p>\n<\/div>\n\n\n\n<div class=\"wp-block-column is-layout-flow wp-block-column-is-layout-flow\">\n<h4 class=\"wp-block-heading\"><strong>..Orientaci\u00dfon internacional:<\/strong><\/h4>\n\n\n\n<p>Nuestro equipo multiling\u00fce entiende sus desaf\u00edos y necesidades cuando se trata de naturalizaciones seg\u00fan el \u00a7 15 StAG y el art\u00edculo 116.2 GG.<\/p>\n<\/div>\n<\/div>\n\n\n\n<h3 class=\"wp-block-heading\"><strong>P\u00f3ngase en contacto con nosotros<\/strong><\/h3>\n\n\n\n<p>\u00bfTiene alguna pregunta o desea concertar una primera cita? P\u00f3ngase en contacto con nosotros hoy mismo.<\/p>\n\n\n<div class=\"wpforms-container wpforms-container-full wpforms-block wpforms-block-02102f62-8a37-47ba-b08c-722c820f27a1 wpforms-render-modern\" id=\"wpforms-187\"><form id=\"wpforms-form-187\" class=\"wpforms-validate wpforms-form wpforms-ajax-form\" data-formid=\"187\" method=\"post\" enctype=\"multipart\/form-data\" action=\"\/es\/wp-json\/wp\/v2\/pages\/63\" data-token=\"7483b660d32f71ab5a0cd0062a43d489\" data-token-time=\"1776482950\"><noscript class=\"wpforms-error-noscript\">Bitte aktiviere JavaScript in deinem Browser, um dieses Formular fertigzustellen.<\/noscript><div class=\"wpforms-hidden\" id=\"wpforms-error-noscript\">Bitte aktiviere JavaScript in deinem Browser, um dieses Formular fertigzustellen.<\/div><div class=\"wpforms-field-container\"><div id=\"wpforms-187-field_1-container\" class=\"wpforms-field wpforms-field-name\" data-field-id=\"1\"><fieldset><legend class=\"wpforms-field-label\">Nombre <span class=\"wpforms-required-label\" aria-hidden=\"true\">*<\/span><\/legend><div class=\"wpforms-field-row wpforms-field-medium\"><div class=\"wpforms-field-row-block wpforms-first wpforms-one-half\"><input type=\"text\" id=\"wpforms-187-field_1\" class=\"wpforms-field-name-first wpforms-field-required\" name=\"wpforms[fields][1][first]\" aria-errormessage=\"wpforms-187-field_1-error\" required><label for=\"wpforms-187-field_1\" class=\"wpforms-field-sublabel after\">Nombre<\/label><\/div><div class=\"wpforms-field-row-block wpforms-one-half\"><input type=\"text\" id=\"wpforms-187-field_1-last\" class=\"wpforms-field-name-last wpforms-field-required\" name=\"wpforms[fields][1][last]\" aria-errormessage=\"wpforms-187-field_1-last-error\" required><label for=\"wpforms-187-field_1-last\" class=\"wpforms-field-sublabel after\">Apellido<\/label><\/div><\/div><\/fieldset><\/div><div id=\"wpforms-187-field_2-container\" class=\"wpforms-field wpforms-field-email\" data-field-id=\"2\"><label class=\"wpforms-field-label\" for=\"wpforms-187-field_2\">e-mail <span class=\"wpforms-required-label\" aria-hidden=\"true\">*<\/span><\/label><input type=\"email\" id=\"wpforms-187-field_2\" class=\"wpforms-field-medium wpforms-field-required\" name=\"wpforms[fields][2]\" spellcheck=\"false\" aria-errormessage=\"wpforms-187-field_2-error\" required><\/div><div id=\"wpforms-187-field_4-container\" class=\"wpforms-field wpforms-field-text\" data-field-id=\"4\"><label class=\"wpforms-field-label\" for=\"wpforms-187-field_4\">Nacionalidad <span class=\"wpforms-required-label\" aria-hidden=\"true\">*<\/span><\/label><input type=\"text\" id=\"wpforms-187-field_4\" class=\"wpforms-field-medium wpforms-field-required\" name=\"wpforms[fields][4]\" aria-errormessage=\"wpforms-187-field_4-error\" required><\/div><div id=\"wpforms-187-field_8-container\" class=\"wpforms-field wpforms-field-text\" data-field-id=\"8\"><label class=\"wpforms-field-label\" for=\"wpforms-187-field_8\">Su a\u00f1o de nacimiento<\/label><input type=\"text\" id=\"wpforms-187-field_8\" class=\"wpforms-field-medium\" name=\"wpforms[fields][8]\" aria-errormessage=\"wpforms-187-field_8-error\" ><\/div><div id=\"wpforms-187-field_5-container\" class=\"wpforms-field wpforms-field-text\" data-field-id=\"5\"><label class=\"wpforms-field-label\" for=\"wpforms-187-field_5\">A\u00f1o en que sus antepasados abandonaron Alemania<\/label><input type=\"text\" id=\"wpforms-187-field_5\" class=\"wpforms-field-small\" name=\"wpforms[fields][5]\" aria-errormessage=\"wpforms-187-field_5-error\" ><\/div><div id=\"wpforms-187-field_6-container\" class=\"wpforms-field wpforms-field-text\" data-field-id=\"6\"><label class=\"wpforms-field-label\" for=\"wpforms-187-field_6\">A\u00f1o en que sus antepasados alemanes adquirieron otra nacionalidad<\/label><input type=\"text\" id=\"wpforms-187-field_6\" class=\"wpforms-field-small\" name=\"wpforms[fields][6]\" aria-errormessage=\"wpforms-187-field_6-error\" ><\/div><div id=\"wpforms-187-field_7-container\" class=\"wpforms-field wpforms-field-text\" data-field-id=\"7\"><label class=\"wpforms-field-label\" for=\"wpforms-187-field_7\">Nacionalidad de sus padres en el momento del nacimiento<\/label><input type=\"text\" id=\"wpforms-187-field_7\" class=\"wpforms-field-small\" name=\"wpforms[fields][7]\" aria-errormessage=\"wpforms-187-field_7-error\" ><\/div><div id=\"wpforms-187-field_3-container\" class=\"wpforms-field wpforms-field-textarea\" data-field-id=\"3\"><label class=\"wpforms-field-label\" for=\"wpforms-187-field_3\">Mensaje<\/label><textarea id=\"wpforms-187-field_3\" class=\"wpforms-field-medium\" name=\"wpforms[fields][3]\" aria-errormessage=\"wpforms-187-field_3-error\" ><\/textarea><\/div><div id=\"wpforms-187-field_10-container\" class=\"wpforms-field wpforms-field-gdpr-checkbox\" data-field-id=\"10\"><label class=\"wpforms-field-label\">GDPR Consentimiento <span class=\"wpforms-required-label\" aria-hidden=\"true\">*<\/span><\/label><ul id=\"wpforms-187-field_10\" class=\"wpforms-field-required\"><li class=\"choice-1\"><input type=\"checkbox\" id=\"wpforms-187-field_10_1\" name=\"wpforms[fields][10][]\" value=\"Consentimiento para que este sitio web almacene la informaci\u00f3n que he proporcionado, para que se pueda responder a mi solicitud.\" aria-errormessage=\"wpforms-187-field_10_1-error\" required ><label class=\"wpforms-field-label-inline\" for=\"wpforms-187-field_10_1\">Consentimiento para que este sitio web almacene la informaci\u00f3n que he proporcionado, para que se pueda responder a mi solicitud.<\/label><\/li><\/ul><\/div><\/div><!-- .wpforms-field-container --><div class=\"wpforms-submit-container\" ><input type=\"hidden\" name=\"wpforms[id]\" value=\"187\"><input type=\"hidden\" name=\"page_title\" value=\"\"><input type=\"hidden\" name=\"page_url\" value=\"https:\/\/nacionalidadalemana.de\/es\/wp-json\/wp\/v2\/pages\/63\"><input type=\"hidden\" name=\"url_referer\" value=\"\"><button type=\"submit\" name=\"wpforms[submit]\" id=\"wpforms-submit-187\" class=\"wpforms-submit\" data-alt-text=\"Enviando...\" data-submit-text=\"Enviar\" aria-live=\"assertive\" value=\"wpforms-submit\">Enviar<\/button><img loading=\"lazy\" decoding=\"async\" src=\"https:\/\/nacionalidadalemana.de\/es\/wp-content\/plugins\/wpforms-lite\/assets\/images\/submit-spin.svg\" class=\"wpforms-submit-spinner\" style=\"display: none;\" width=\"26\" height=\"26\" alt=\"Wird geladen\"><\/div><\/form><\/div>  <!-- .wpforms-container -->","protected":false},"excerpt":{"rendered":"<p>\u00bfVivieron sus antepasados en Alemania y tuvieron que huir durante el nazismo? Sus derechos y posibilidades El \u00a7 15 de la Ley de Nacionalidad (StAG) regula la naturalizaci\u00f3n de personas que tuvieron que abandonar Alemania entre el 30 de enero de 1933 y el 8 de mayo de 1945 debido a medidas de persecuci\u00f3n por [&hellip;]<\/p>\n","protected":false},"author":3,"featured_media":87,"parent":0,"menu_order":0,"comment_status":"closed","ping_status":"closed","template":"","meta":{"footnotes":""},"class_list":["post-63","page","type-page","status-publish","has-post-thumbnail","hentry"],"_links":{"self":[{"href":"https:\/\/nacionalidadalemana.de\/es\/wp-json\/wp\/v2\/pages\/63","targetHints":{"allow":["GET"]}}],"collection":[{"href":"https:\/\/nacionalidadalemana.de\/es\/wp-json\/wp\/v2\/pages"}],"about":[{"href":"https:\/\/nacionalidadalemana.de\/es\/wp-json\/wp\/v2\/types\/page"}],"author":[{"embeddable":true,"href":"https:\/\/nacionalidadalemana.de\/es\/wp-json\/wp\/v2\/users\/3"}],"replies":[{"embeddable":true,"href":"https:\/\/nacionalidadalemana.de\/es\/wp-json\/wp\/v2\/comments?post=63"}],"version-history":[{"count":8,"href":"https:\/\/nacionalidadalemana.de\/es\/wp-json\/wp\/v2\/pages\/63\/revisions"}],"predecessor-version":[{"id":354,"href":"https:\/\/nacionalidadalemana.de\/es\/wp-json\/wp\/v2\/pages\/63\/revisions\/354"}],"wp:featuredmedia":[{"embeddable":true,"href":"https:\/\/nacionalidadalemana.de\/es\/wp-json\/"}],"wp:attachment":[{"href":"https:\/\/nacionalidadalemana.de\/es\/wp-json\/wp\/v2\/media?parent=63"}],"curies":[{"name":"wp","href":"https:\/\/api.w.org\/{rel}","templated":true}]}}