{"id":91,"date":"2024-08-19T12:40:58","date_gmt":"2024-08-19T10:40:58","guid":{"rendered":"https:\/\/nacionalidadalemana.wordpress.com\/?page_id=91"},"modified":"2024-09-24T10:24:18","modified_gmt":"2024-09-24T08:24:18","slug":"confirmacion-de-la-nacionalidad-alemana","status":"publish","type":"page","link":"https:\/\/nacionalidadalemana.de\/es\/confirmacion-de-la-nacionalidad-alemana\/","title":{"rendered":"Confirmaci\u00f3n de la nacionalidad alemana (\u00a74)"},"content":{"rendered":"\n<h3 class=\"wp-block-heading\"><strong>Le apoyamos en el camino<\/strong><\/h3>\n\n\n\n<p>\u00bfEs usted alem\u00e1n y necesita que le confirmen la nacionalidad? Entonces ha venido al lugar adecuado. Le explicaremos c\u00f3mo funciona el procedimiento de determinaci\u00f3n seg\u00fan el art\u00edculo 4 de la Ley de Ciudadan\u00eda Alemana (StAG) para la determinaci\u00f3n de la nacionalidad alemana por ascendencia y c\u00f3mo podemos ayudarle.<\/p>\n\n\n\n<h3 class=\"wp-block-heading\"><strong>\u00bfQu\u00e9 es el procedimiento de determinaci\u00f3n seg\u00fan el art\u00edculo 4 de la StAG?<\/strong><\/h3>\n\n\n\n<p>El procedimiento de determinaci\u00f3n seg\u00fan el art\u00edculo 4 de la StAG le permite demostrar su nacionalidad alemana y confirmarla oficialmente. Esto puede ser especialmente importante si no puede demostrar autom\u00e1ticamente su ciudadan\u00eda por diversas razones.<\/p>\n\n\n\n<h3 class=\"wp-block-heading\"><strong>Nuestra gama de servicios<\/strong><\/h3>\n\n\n\n<ul class=\"wp-block-list\">\n<li><strong>Asesoramiento individual:<\/strong>\u00a0Le ofrecemos un asesoramiento detallado y personal para analizar su situaci\u00f3n individual y determinar los mejores pasos legales a seguir. <\/li>\n\n\n\n<li><strong>Preparaci\u00f3n y revisi\u00f3n de documentos:<\/strong><span style=\"caret-color: rgb(0, 0, 0); color: rgb(0, 0, 0); font-family: -webkit-standard; font-size: medium; white-space: normal;\"><\/span>&nbsp;Nuestro equipo le ayudar\u00e1 a obtener y preparar todos los documentos necesarios. Nos aseguramos de que sus documentos de solicitud est\u00e9n completos y sean correctos para evitar retrasos en el proceso.<\/li>\n\n\n\n<li><strong>Orientaci\u00f3n a lo largo del proceso de solicitud:&nbsp;<\/strong><span style=\"caret-color: rgb(0, 0, 0); color: rgb(0, 0, 0); font-family: -webkit-standard; font-size: medium; white-space: normal;\"><\/span>&nbsp;Le guiamos a lo largo de todo el proceso de solicitud, desde la presentaci\u00f3n hasta la decisi\u00f3n. Nuestros abogados representan sus intereses ante las autoridades alemanas y est\u00e1n a su disposici\u00f3n para ayudarle con cualquier duda o problema.<\/li>\n\n\n\n<li><strong>Apoyo ling\u00fc\u00edstico y cultural:<\/strong>&nbsp;Como bufete internacional, tambi\u00e9n le ofrecemos apoyo en cuestiones ling\u00fc\u00edsticas y culturales. Nuestro equipo habla alem\u00e1n y espa\u00f1ol con fluidez y est\u00e1 familiarizado con las particularidades culturales de ambos pa\u00edses para evitar malentendidos y garantizar que el proceso se desarrolle sin problemas.<\/li>\n<\/ul>\n\n\n\n<h3 class=\"wp-block-heading\">Por qu\u00e9 la forma m\u00e1s f\u00e1cil de empezar su futuro en Alemania es con nosotros&#8230;<\/h3>\n\n\n\n<h4 class=\"wp-block-heading\">..<strong>experiencia y conocimientos:<\/strong><\/h4>\n\n\n\n<p>Nuestro bufete ha concluido con \u00e9xito numerosos procedimientos de determinaci\u00f3n. Conocemos los entresijos legales y la evoluci\u00f3n actual del derecho de ciudadan\u00eda.<\/p>\n\n\n\n<h4 class=\"wp-block-heading\">..<strong>Asistencia personalizada:<\/strong><\/h4>\n\n\n\n<p>El cliente est\u00e1 en el centro de nuestra atenci\u00f3n. Le ofrecemos soluciones a medida y apoyo personal durante todo el proceso.<\/p>\n\n\n\n<h4 class=\"wp-block-heading\"><strong>..Orientaci\u00f3n internacional:<\/strong><\/h4>\n\n\n\n<p>Nuestro equipo multiling\u00fce comprende sus desaf\u00edos y necesidades cuando se trata de procedimientos de determinaci\u00f3n.<\/p>\n\n\n\n<h3 class=\"wp-block-heading\"><strong>P\u00f3ngase en contacto con nosotros<\/strong><\/h3>\n\n\n\n<p>\u00bfTiene preguntas sobre procedimientos de determinaci\u00f3n o desea concertar una consulta inicial?\u00a0P\u00f3ngase en contacto con nosotros hoy mismo.<\/p>\n\n\n<div class=\"wpforms-container wpforms-container-full wpforms-block wpforms-block-9861b2ac-c3b0-4ad5-b197-39285bb21e9f wpforms-render-modern\" id=\"wpforms-187\"><form id=\"wpforms-form-187\" class=\"wpforms-validate wpforms-form wpforms-ajax-form\" data-formid=\"187\" method=\"post\" enctype=\"multipart\/form-data\" action=\"\/es\/wp-json\/wp\/v2\/pages\/91\" data-token=\"7483b660d32f71ab5a0cd0062a43d489\" data-token-time=\"1776482940\"><noscript class=\"wpforms-error-noscript\">Bitte aktiviere JavaScript in deinem Browser, um dieses Formular fertigzustellen.<\/noscript><div class=\"wpforms-hidden\" id=\"wpforms-error-noscript\">Bitte aktiviere JavaScript in deinem Browser, um dieses Formular fertigzustellen.<\/div><div class=\"wpforms-field-container\"><div id=\"wpforms-187-field_1-container\" class=\"wpforms-field wpforms-field-name\" data-field-id=\"1\"><fieldset><legend class=\"wpforms-field-label\">Nombre <span class=\"wpforms-required-label\" aria-hidden=\"true\">*<\/span><\/legend><div class=\"wpforms-field-row wpforms-field-medium\"><div class=\"wpforms-field-row-block wpforms-first wpforms-one-half\"><input type=\"text\" id=\"wpforms-187-field_1\" class=\"wpforms-field-name-first wpforms-field-required\" name=\"wpforms[fields][1][first]\" aria-errormessage=\"wpforms-187-field_1-error\" required><label for=\"wpforms-187-field_1\" class=\"wpforms-field-sublabel after\">Nombre<\/label><\/div><div class=\"wpforms-field-row-block wpforms-one-half\"><input type=\"text\" id=\"wpforms-187-field_1-last\" class=\"wpforms-field-name-last wpforms-field-required\" name=\"wpforms[fields][1][last]\" aria-errormessage=\"wpforms-187-field_1-last-error\" required><label for=\"wpforms-187-field_1-last\" class=\"wpforms-field-sublabel after\">Apellido<\/label><\/div><\/div><\/fieldset><\/div><div id=\"wpforms-187-field_2-container\" class=\"wpforms-field wpforms-field-email\" data-field-id=\"2\"><label class=\"wpforms-field-label\" for=\"wpforms-187-field_2\">e-mail <span class=\"wpforms-required-label\" aria-hidden=\"true\">*<\/span><\/label><input type=\"email\" id=\"wpforms-187-field_2\" class=\"wpforms-field-medium wpforms-field-required\" name=\"wpforms[fields][2]\" spellcheck=\"false\" aria-errormessage=\"wpforms-187-field_2-error\" required><\/div><div id=\"wpforms-187-field_4-container\" class=\"wpforms-field wpforms-field-text\" data-field-id=\"4\"><label class=\"wpforms-field-label\" for=\"wpforms-187-field_4\">Nacionalidad <span class=\"wpforms-required-label\" aria-hidden=\"true\">*<\/span><\/label><input type=\"text\" id=\"wpforms-187-field_4\" class=\"wpforms-field-medium wpforms-field-required\" name=\"wpforms[fields][4]\" aria-errormessage=\"wpforms-187-field_4-error\" required><\/div><div id=\"wpforms-187-field_8-container\" class=\"wpforms-field wpforms-field-text\" data-field-id=\"8\"><label class=\"wpforms-field-label\" for=\"wpforms-187-field_8\">Su a\u00f1o de nacimiento<\/label><input type=\"text\" id=\"wpforms-187-field_8\" class=\"wpforms-field-medium\" name=\"wpforms[fields][8]\" aria-errormessage=\"wpforms-187-field_8-error\" ><\/div><div id=\"wpforms-187-field_5-container\" class=\"wpforms-field wpforms-field-text\" data-field-id=\"5\"><label class=\"wpforms-field-label\" for=\"wpforms-187-field_5\">A\u00f1o en que sus antepasados abandonaron Alemania<\/label><input type=\"text\" id=\"wpforms-187-field_5\" class=\"wpforms-field-small\" name=\"wpforms[fields][5]\" aria-errormessage=\"wpforms-187-field_5-error\" ><\/div><div id=\"wpforms-187-field_6-container\" class=\"wpforms-field wpforms-field-text\" data-field-id=\"6\"><label class=\"wpforms-field-label\" for=\"wpforms-187-field_6\">A\u00f1o en que sus antepasados alemanes adquirieron otra nacionalidad<\/label><input type=\"text\" id=\"wpforms-187-field_6\" class=\"wpforms-field-small\" name=\"wpforms[fields][6]\" aria-errormessage=\"wpforms-187-field_6-error\" ><\/div><div id=\"wpforms-187-field_7-container\" class=\"wpforms-field wpforms-field-text\" data-field-id=\"7\"><label class=\"wpforms-field-label\" for=\"wpforms-187-field_7\">Nacionalidad de sus padres en el momento del nacimiento<\/label><input type=\"text\" id=\"wpforms-187-field_7\" class=\"wpforms-field-small\" name=\"wpforms[fields][7]\" aria-errormessage=\"wpforms-187-field_7-error\" ><\/div><div id=\"wpforms-187-field_3-container\" class=\"wpforms-field wpforms-field-textarea\" data-field-id=\"3\"><label class=\"wpforms-field-label\" for=\"wpforms-187-field_3\">Mensaje<\/label><textarea id=\"wpforms-187-field_3\" class=\"wpforms-field-medium\" name=\"wpforms[fields][3]\" aria-errormessage=\"wpforms-187-field_3-error\" ><\/textarea><\/div><div id=\"wpforms-187-field_10-container\" class=\"wpforms-field wpforms-field-gdpr-checkbox\" data-field-id=\"10\"><label class=\"wpforms-field-label\">GDPR Consentimiento <span class=\"wpforms-required-label\" aria-hidden=\"true\">*<\/span><\/label><ul id=\"wpforms-187-field_10\" class=\"wpforms-field-required\"><li class=\"choice-1\"><input type=\"checkbox\" id=\"wpforms-187-field_10_1\" name=\"wpforms[fields][10][]\" value=\"Consentimiento para que este sitio web almacene la informaci\u00f3n que he proporcionado, para que se pueda responder a mi solicitud.\" aria-errormessage=\"wpforms-187-field_10_1-error\" required ><label class=\"wpforms-field-label-inline\" for=\"wpforms-187-field_10_1\">Consentimiento para que este sitio web almacene la informaci\u00f3n que he proporcionado, para que se pueda responder a mi solicitud.<\/label><\/li><\/ul><\/div><\/div><!-- .wpforms-field-container --><div class=\"wpforms-submit-container\" ><input type=\"hidden\" name=\"wpforms[id]\" value=\"187\"><input type=\"hidden\" name=\"page_title\" value=\"\"><input type=\"hidden\" name=\"page_url\" value=\"https:\/\/nacionalidadalemana.de\/es\/wp-json\/wp\/v2\/pages\/91\"><input type=\"hidden\" name=\"url_referer\" value=\"\"><button type=\"submit\" name=\"wpforms[submit]\" id=\"wpforms-submit-187\" class=\"wpforms-submit\" data-alt-text=\"Enviando...\" data-submit-text=\"Enviar\" aria-live=\"assertive\" value=\"wpforms-submit\">Enviar<\/button><img loading=\"lazy\" decoding=\"async\" src=\"https:\/\/nacionalidadalemana.de\/es\/wp-content\/plugins\/wpforms-lite\/assets\/images\/submit-spin.svg\" class=\"wpforms-submit-spinner\" style=\"display: none;\" width=\"26\" height=\"26\" alt=\"Wird geladen\"><\/div><\/form><\/div>  <!-- .wpforms-container -->","protected":false},"excerpt":{"rendered":"<p>Le apoyamos en el camino \u00bfEs usted alem\u00e1n y necesita que le confirmen la nacionalidad? Entonces ha venido al lugar adecuado. Le explicaremos c\u00f3mo funciona el procedimiento de determinaci\u00f3n seg\u00fan el art\u00edculo 4 de la Ley de Ciudadan\u00eda Alemana (StAG) para la determinaci\u00f3n de la nacionalidad alemana por ascendencia y c\u00f3mo podemos ayudarle. \u00bfQu\u00e9 es [&hellip;]<\/p>\n","protected":false},"author":3,"featured_media":128,"parent":0,"menu_order":0,"comment_status":"closed","ping_status":"closed","template":"","meta":{"footnotes":""},"class_list":["post-91","page","type-page","status-publish","has-post-thumbnail","hentry"],"_links":{"self":[{"href":"https:\/\/nacionalidadalemana.de\/es\/wp-json\/wp\/v2\/pages\/91","targetHints":{"allow":["GET"]}}],"collection":[{"href":"https:\/\/nacionalidadalemana.de\/es\/wp-json\/wp\/v2\/pages"}],"about":[{"href":"https:\/\/nacionalidadalemana.de\/es\/wp-json\/wp\/v2\/types\/page"}],"author":[{"embeddable":true,"href":"https:\/\/nacionalidadalemana.de\/es\/wp-json\/wp\/v2\/users\/3"}],"replies":[{"embeddable":true,"href":"https:\/\/nacionalidadalemana.de\/es\/wp-json\/wp\/v2\/comments?post=91"}],"version-history":[{"count":6,"href":"https:\/\/nacionalidadalemana.de\/es\/wp-json\/wp\/v2\/pages\/91\/revisions"}],"predecessor-version":[{"id":310,"href":"https:\/\/nacionalidadalemana.de\/es\/wp-json\/wp\/v2\/pages\/91\/revisions\/310"}],"wp:featuredmedia":[{"embeddable":true,"href":"https:\/\/nacionalidadalemana.de\/es\/wp-json\/"}],"wp:attachment":[{"href":"https:\/\/nacionalidadalemana.de\/es\/wp-json\/wp\/v2\/media?parent=91"}],"curies":[{"name":"wp","href":"https:\/\/api.w.org\/{rel}","templated":true}]}}